{"id":7921,"date":"2021-02-04T18:31:35","date_gmt":"2021-02-04T18:31:35","guid":{"rendered":"https:\/\/cena.pt\/contacts\/"},"modified":"2021-11-18T19:00:10","modified_gmt":"2021-11-18T19:00:10","slug":"contacts","status":"publish","type":"page","link":"https:\/\/cena.pt\/en\/contacts\/","title":{"rendered":"Contacts"},"content":{"rendered":"<div class=\"wpb-content-wrapper\"><p>[vc_row full_width=&#8221;stretch_row&#8221; css=&#8221;.vc_custom_1610545128138{margin-bottom: 100px !important;}&#8221;][vc_column][vc_row_inner gap=&#8221;30&#8243;][vc_column_inner width=&#8221;1\/2&#8243;][vc_custom_heading text=&#8221;Our Cena\/thing is to talk.&#8221; font_container=&#8221;tag:h1|text_align:left&#8221; use_theme_fonts=&#8221;yes&#8221; css_animation=&#8221;fadeIn&#8221;][vc_empty_space][vc_custom_heading text=&#8221;Avenida 5 de Outubro 91, 4\u00baEsq.1050-050 Lisboa&#8221; font_container=&#8221;tag:h5|text_align:left|color:%23838383&#8243; use_theme_fonts=&#8221;yes&#8221; css_animation=&#8221;fadeIn&#8221;][vc_custom_heading text=&#8221;Email: info@cena.pt&#8221; font_container=&#8221;tag:h5|text_align:left&#8221; use_theme_fonts=&#8221;yes&#8221; css_animation=&#8221;fadeIn&#8221; css=&#8221;.vc_custom_1610544751135{margin-bottom: 5px !important;}&#8221; link=&#8221;url:mailto%3Ahttp%3A%2F%2Finfo%40cena.pt|&#8221;][vc_custom_heading text=&#8221;Tel.: +351 913 520 412&#8243; font_container=&#8221;tag:h5|text_align:left&#8221; use_theme_fonts=&#8221;yes&#8221; css_animation=&#8221;fadeIn&#8221; css=&#8221;.vc_custom_1637262003486{margin-bottom: 5px !important;}&#8221;][\/vc_column_inner][vc_column_inner width=&#8221;1\/2&#8243; css=&#8221;.vc_custom_1515497653772{padding-right: 80px !important;padding-left: 50px !important;}&#8221;]<div class=\"kd-contact-form full-width-cf\" >\n<div class=\"wpcf7 no-js\" id=\"wpcf7-f8010-o1\" lang=\"en-US\" dir=\"ltr\" data-wpcf7-id=\"8010\">\n<div class=\"screen-reader-response\"><p role=\"status\" aria-live=\"polite\" aria-atomic=\"true\"><\/p> <ul><\/ul><\/div>\n<form action=\"\/en\/wp-json\/wp\/v2\/pages\/7921#wpcf7-f8010-o1\" method=\"post\" class=\"wpcf7-form init\" aria-label=\"Contact form\" novalidate=\"novalidate\" data-status=\"init\">\n<fieldset class=\"hidden-fields-container\"><input type=\"hidden\" name=\"_wpcf7\" value=\"8010\" \/><input type=\"hidden\" name=\"_wpcf7_version\" value=\"6.1.2\" \/><input type=\"hidden\" name=\"_wpcf7_locale\" value=\"en_US\" \/><input type=\"hidden\" name=\"_wpcf7_unit_tag\" value=\"wpcf7-f8010-o1\" \/><input type=\"hidden\" name=\"_wpcf7_container_post\" value=\"0\" \/><input type=\"hidden\" name=\"_wpcf7_posted_data_hash\" value=\"\" \/>\n<\/fieldset>\n<p><span class=\"wpcf7-form-control-wrap\" data-name=\"your-name\"><input size=\"40\" maxlength=\"400\" class=\"wpcf7-form-control wpcf7-text wpcf7-validates-as-required\" aria-required=\"true\" aria-invalid=\"false\" placeholder=\"Name\" value=\"\" type=\"text\" name=\"your-name\" \/><\/span><br \/>\n<span class=\"wpcf7-form-control-wrap\" data-name=\"your-email\"><input size=\"40\" maxlength=\"400\" class=\"wpcf7-form-control wpcf7-email wpcf7-validates-as-required wpcf7-text wpcf7-validates-as-email\" aria-required=\"true\" aria-invalid=\"false\" placeholder=\"Email\" value=\"\" type=\"email\" name=\"your-email\" \/><\/span><br \/>\n<span class=\"wpcf7-form-control-wrap\" data-name=\"your-message\"><textarea cols=\"40\" rows=\"10\" maxlength=\"2000\" class=\"wpcf7-form-control wpcf7-textarea\" aria-invalid=\"false\" placeholder=\"Message\" name=\"your-message\"><\/textarea><\/span><br \/>\n<input class=\"wpcf7-form-control wpcf7-submit has-spinner\" type=\"submit\" value=\"Send\" \/>\n<\/p><div class=\"wpcf7-response-output\" aria-hidden=\"true\"><\/div>\n<\/form>\n<\/div>\n<\/div>[\/vc_column_inner][\/vc_row_inner][\/vc_column][\/vc_row][vc_row full_width=&#8221;stretch_row_content_no_spaces&#8221;][vc_column]<script>\r\n\r\n                    async function initKdMap_kd69d2e0d86c479() {\r\n                      var map_kd69d2e0d86c479;\r\n        \t\t\t\t\t\t\tvar gmap_location_kd69d2e0d86c479 = new google.maps.LatLng(38.73793, -9.14813);\r\n        \t\t\t\t\t\t\tvar GMAP_MODULE_kd69d2e0d86c479 = \"customMap\";\r\n                      const { AdvancedMarkerElement } = await google.maps.importLibrary(\"marker\");\r\n      \t\t\t\t\t\t\t\tvar featureOpts = [\r\n      \t\t\t\t\t\t\t\t\t\t\t{\r\n      \t\t\t\t\t\t\t\t\t\t\t  stylers: [\r\n      \t\t\t\t\t\t\t\t\t\t\t\t{ \"visibility\": \"on\" },\r\n      \t\t\t\t\t\t\t\t\t\t\t\t{ \"weight\": 1 },\r\n      \t\t\t\t\t\t\t\t\t\t\t\t{ \"saturation\": -100 },\r\n      \t\t\t\t\t\t\t\t\t\t\t\t{ \"lightness\": 2.2 },\r\n      \t\t\t\t\t\t\t\t\t\t\t\t{ \"gamma\": 2.2 }\r\n      \t\t\t\t\t\t\t\t\t\t\t  ]\r\n      \t\t\t\t\t\t\t\t\t\t\t}, {\r\n                                featureType: \"poi\",\r\n                                stylers: [\r\n                                  { \"visibility\": \"off\" }\r\n                                ]\r\n                              }\r\n      \t\t\t\t\t\t\t\t\t\t];\r\n      \t\t\t\t\t\t\t\tvar mapOptions = {\r\n      \t\t\t\t\t\t\t\t\tzoom: 16,\r\n      \t\t\t\t\t\t\t\t\tcenter: gmap_location_kd69d2e0d86c479,\r\n                        scrollwheel: false,\r\n      \t\t\t\t\t\t\t\t\tmapTypeControlOptions: {\r\n      \t\t\t\t\t\t\t\t\t\tmapTypeIds: [google.maps.MapTypeId.ROADMAP, GMAP_MODULE_kd69d2e0d86c479]\r\n      \t\t\t\t\t\t\t\t\t},\r\n      \t\t\t\t\t\t\t\t\tmapTypeId: GMAP_MODULE_kd69d2e0d86c479,\r\n                        mapId: \"DEMO_MAP_kd69d2e0d86c479\",\r\n      \t\t\t\t\t\t\t\t};\r\n      \t\t\t\t\t\t\t\tmap_kd69d2e0d86c479 = new google.maps.Map(document.getElementById(\"kd69d2e0d86c479\"), mapOptions);\r\n      \t\t\t\t\t\t\t\tconst marker_image = document.createElement(\"img\");\r\n                      marker_image.src = \"https:\/\/cena.pt\/wp-content\/uploads\/2021\/01\/cena-map-marker-75.png\";\r\n      \t\t\t\t\t\t\t\tconst marker_kd69d2e0d86c479 = new AdvancedMarkerElement({\r\n      \t\t\t\t\t\t\t\t\tmap: map_kd69d2e0d86c479,\r\n      \t\t\t\t\t\t\t\t\tdraggable: false,content: marker_image,position: gmap_location_kd69d2e0d86c479,\r\n                      });\r\n      \t\t\t\t\t\t\t\tvar styledMapOptions = {\r\n      \t\t\t\t\t\t\t\t\tname: \"CENA\"\r\n      \t\t\t\t\t\t\t\t};\r\n      \t\t\t\t\t\t\t\tvar customMapType_kd69d2e0d86c479 = new google.maps.StyledMapType(featureOpts, styledMapOptions);\r\n      \t\t\t\t\t\t\t\tmap_kd69d2e0d86c479.mapTypes.set(GMAP_MODULE_kd69d2e0d86c479, customMapType_kd69d2e0d86c479);\r\n                      }\r\n                      jQuery(window).on(\"load\", function() {\r\n                        initKdMap_kd69d2e0d86c479();\r\n                      });\r\n      \t\t\t\t\t\t<\/script><div class=\"contact-map-container hidden_info_panel\" style=\"height: 560px;\"><div id=\"kd69d2e0d86c479\" class=\"kd_map\" style=\"height: 560px;\"><\/div>\r\n\r\n            <\/div>[\/vc_column][\/vc_row]<\/p>\n<\/div>","protected":false},"excerpt":{"rendered":"<p>[vc_row full_width=&#8221;stretch_row&#8221; css=&#8221;.vc_custom_1610545128138{margin-bottom: 100px !important;}&#8221;][vc_column][vc_row_inner gap=&#8221;30&#8243;][vc_column_inner width=&#8221;1\/2&#8243;][vc_custom_heading text=&#8221;Our Cena\/thing is to talk.&#8221; font_container=&#8221;tag:h1|text_align:left&#8221; use_theme_fonts=&#8221;yes&#8221; css_animation=&#8221;fadeIn&#8221;][vc_empty_space][vc_custom_heading text=&#8221;Avenida 5 de Outubro 91, [&hellip;]<\/p>\n","protected":false},"author":1,"featured_media":0,"parent":0,"menu_order":0,"comment_status":"closed","ping_status":"closed","template":"","meta":{"footnotes":""},"class_list":["post-7921","page","type-page","status-publish","hentry"],"yoast_head":"<!-- This site is optimized with the Yoast SEO plugin v26.2 - https:\/\/yoast.com\/wordpress\/plugins\/seo\/ -->\n<title>Contacts - CENA - Translation &amp; Interpreting Professionals<\/title>\n<meta name=\"description\" content=\"The Cena\/Thing is to talk. Avenida 5 de Outubro 91, 4\u00baEsq.1050-050 Lisboa\" \/>\n<meta name=\"robots\" content=\"index, follow, max-snippet:-1, max-image-preview:large, max-video-preview:-1\" \/>\n<link rel=\"canonical\" href=\"https:\/\/cena.pt\/en\/contacts\/\" \/>\n<meta property=\"og:locale\" content=\"en_US\" \/>\n<meta property=\"og:type\" content=\"article\" \/>\n<meta property=\"og:title\" content=\"Contacts - CENA - Translation &amp; Interpreting Professionals\" \/>\n<meta property=\"og:description\" content=\"The Cena\/Thing is to talk. Avenida 5 de Outubro 91, 4\u00baEsq.1050-050 Lisboa\" \/>\n<meta property=\"og:url\" content=\"https:\/\/cena.pt\/en\/contacts\/\" \/>\n<meta property=\"og:site_name\" content=\"CENA - Translation &amp; Interpreting Professionals\" \/>\n<meta property=\"article:modified_time\" content=\"2021-11-18T19:00:10+00:00\" \/>\n<meta name=\"twitter:card\" content=\"summary_large_image\" \/>\n<meta name=\"twitter:label1\" content=\"Est. reading time\" \/>\n\t<meta name=\"twitter:data1\" content=\"1 minute\" \/>\n<script type=\"application\/ld+json\" class=\"yoast-schema-graph\">{\"@context\":\"https:\/\/schema.org\",\"@graph\":[{\"@type\":\"WebPage\",\"@id\":\"https:\/\/cena.pt\/en\/contacts\/\",\"url\":\"https:\/\/cena.pt\/en\/contacts\/\",\"name\":\"Contacts - CENA - Translation &amp; Interpreting Professionals\",\"isPartOf\":{\"@id\":\"https:\/\/cena.pt\/en\/#website\"},\"datePublished\":\"2021-02-04T18:31:35+00:00\",\"dateModified\":\"2021-11-18T19:00:10+00:00\",\"description\":\"The Cena\/Thing is to talk. Avenida 5 de Outubro 91, 4\u00baEsq.1050-050 Lisboa\",\"breadcrumb\":{\"@id\":\"https:\/\/cena.pt\/en\/contacts\/#breadcrumb\"},\"inLanguage\":\"en-US\",\"potentialAction\":[{\"@type\":\"ReadAction\",\"target\":[\"https:\/\/cena.pt\/en\/contacts\/\"]}]},{\"@type\":\"BreadcrumbList\",\"@id\":\"https:\/\/cena.pt\/en\/contacts\/#breadcrumb\",\"itemListElement\":[{\"@type\":\"ListItem\",\"position\":1,\"name\":\"In\u00edcio\",\"item\":\"https:\/\/cena.pt\/en\/\"},{\"@type\":\"ListItem\",\"position\":2,\"name\":\"Contacts\"}]},{\"@type\":\"WebSite\",\"@id\":\"https:\/\/cena.pt\/en\/#website\",\"url\":\"https:\/\/cena.pt\/en\/\",\"name\":\"CENA - Translation &amp; Interpreting Professionals\",\"description\":\"Sem ser conversa, Somos voz e di\u00e1logo.\",\"publisher\":{\"@id\":\"https:\/\/cena.pt\/en\/#organization\"},\"potentialAction\":[{\"@type\":\"SearchAction\",\"target\":{\"@type\":\"EntryPoint\",\"urlTemplate\":\"https:\/\/cena.pt\/en\/?s={search_term_string}\"},\"query-input\":{\"@type\":\"PropertyValueSpecification\",\"valueRequired\":true,\"valueName\":\"search_term_string\"}}],\"inLanguage\":\"en-US\"},{\"@type\":\"Organization\",\"@id\":\"https:\/\/cena.pt\/en\/#organization\",\"name\":\"CENA - Tradu\u00e7\u00e3o e Interpreta\u00e7\u00e3o\",\"url\":\"https:\/\/cena.pt\/en\/\",\"logo\":{\"@type\":\"ImageObject\",\"inLanguage\":\"en-US\",\"@id\":\"https:\/\/cena.pt\/en\/#\/schema\/logo\/image\/\",\"url\":\"https:\/\/cena.pt\/wp-content\/uploads\/2021\/01\/logo-white-description-1.png\",\"contentUrl\":\"https:\/\/cena.pt\/wp-content\/uploads\/2021\/01\/logo-white-description-1.png\",\"width\":580,\"height\":319,\"caption\":\"CENA - Tradu\u00e7\u00e3o e Interpreta\u00e7\u00e3o\"},\"image\":{\"@id\":\"https:\/\/cena.pt\/en\/#\/schema\/logo\/image\/\"},\"sameAs\":[\"https:\/\/www.instagram.com\/cena.translationinterpretation\/\",\"https:\/\/www.linkedin.com\/company\/cena-tradu\u00e7\u00f5es-e-interpreta\u00e7\u00f5es\/\"]}]}<\/script>\n<!-- \/ Yoast SEO plugin. -->","yoast_head_json":{"title":"Contacts - CENA - Translation &amp; Interpreting Professionals","description":"The Cena\/Thing is to talk. Avenida 5 de Outubro 91, 4\u00baEsq.1050-050 Lisboa","robots":{"index":"index","follow":"follow","max-snippet":"max-snippet:-1","max-image-preview":"max-image-preview:large","max-video-preview":"max-video-preview:-1"},"canonical":"https:\/\/cena.pt\/en\/contacts\/","og_locale":"en_US","og_type":"article","og_title":"Contacts - CENA - Translation &amp; Interpreting Professionals","og_description":"The Cena\/Thing is to talk. Avenida 5 de Outubro 91, 4\u00baEsq.1050-050 Lisboa","og_url":"https:\/\/cena.pt\/en\/contacts\/","og_site_name":"CENA - Translation &amp; Interpreting Professionals","article_modified_time":"2021-11-18T19:00:10+00:00","twitter_card":"summary_large_image","twitter_misc":{"Est. reading time":"1 minute"},"schema":{"@context":"https:\/\/schema.org","@graph":[{"@type":"WebPage","@id":"https:\/\/cena.pt\/en\/contacts\/","url":"https:\/\/cena.pt\/en\/contacts\/","name":"Contacts - CENA - Translation &amp; Interpreting Professionals","isPartOf":{"@id":"https:\/\/cena.pt\/en\/#website"},"datePublished":"2021-02-04T18:31:35+00:00","dateModified":"2021-11-18T19:00:10+00:00","description":"The Cena\/Thing is to talk. Avenida 5 de Outubro 91, 4\u00baEsq.1050-050 Lisboa","breadcrumb":{"@id":"https:\/\/cena.pt\/en\/contacts\/#breadcrumb"},"inLanguage":"en-US","potentialAction":[{"@type":"ReadAction","target":["https:\/\/cena.pt\/en\/contacts\/"]}]},{"@type":"BreadcrumbList","@id":"https:\/\/cena.pt\/en\/contacts\/#breadcrumb","itemListElement":[{"@type":"ListItem","position":1,"name":"In\u00edcio","item":"https:\/\/cena.pt\/en\/"},{"@type":"ListItem","position":2,"name":"Contacts"}]},{"@type":"WebSite","@id":"https:\/\/cena.pt\/en\/#website","url":"https:\/\/cena.pt\/en\/","name":"CENA - Translation &amp; Interpreting Professionals","description":"Sem ser conversa, Somos voz e di\u00e1logo.","publisher":{"@id":"https:\/\/cena.pt\/en\/#organization"},"potentialAction":[{"@type":"SearchAction","target":{"@type":"EntryPoint","urlTemplate":"https:\/\/cena.pt\/en\/?s={search_term_string}"},"query-input":{"@type":"PropertyValueSpecification","valueRequired":true,"valueName":"search_term_string"}}],"inLanguage":"en-US"},{"@type":"Organization","@id":"https:\/\/cena.pt\/en\/#organization","name":"CENA - Tradu\u00e7\u00e3o e Interpreta\u00e7\u00e3o","url":"https:\/\/cena.pt\/en\/","logo":{"@type":"ImageObject","inLanguage":"en-US","@id":"https:\/\/cena.pt\/en\/#\/schema\/logo\/image\/","url":"https:\/\/cena.pt\/wp-content\/uploads\/2021\/01\/logo-white-description-1.png","contentUrl":"https:\/\/cena.pt\/wp-content\/uploads\/2021\/01\/logo-white-description-1.png","width":580,"height":319,"caption":"CENA - Tradu\u00e7\u00e3o e Interpreta\u00e7\u00e3o"},"image":{"@id":"https:\/\/cena.pt\/en\/#\/schema\/logo\/image\/"},"sameAs":["https:\/\/www.instagram.com\/cena.translationinterpretation\/","https:\/\/www.linkedin.com\/company\/cena-tradu\u00e7\u00f5es-e-interpreta\u00e7\u00f5es\/"]}]}},"_links":{"self":[{"href":"https:\/\/cena.pt\/en\/wp-json\/wp\/v2\/pages\/7921","targetHints":{"allow":["GET"]}}],"collection":[{"href":"https:\/\/cena.pt\/en\/wp-json\/wp\/v2\/pages"}],"about":[{"href":"https:\/\/cena.pt\/en\/wp-json\/wp\/v2\/types\/page"}],"author":[{"embeddable":true,"href":"https:\/\/cena.pt\/en\/wp-json\/wp\/v2\/users\/1"}],"replies":[{"embeddable":true,"href":"https:\/\/cena.pt\/en\/wp-json\/wp\/v2\/comments?post=7921"}],"version-history":[{"count":7,"href":"https:\/\/cena.pt\/en\/wp-json\/wp\/v2\/pages\/7921\/revisions"}],"predecessor-version":[{"id":8019,"href":"https:\/\/cena.pt\/en\/wp-json\/wp\/v2\/pages\/7921\/revisions\/8019"}],"wp:attachment":[{"href":"https:\/\/cena.pt\/en\/wp-json\/wp\/v2\/media?parent=7921"}],"curies":[{"name":"wp","href":"https:\/\/api.w.org\/{rel}","templated":true}]}}