{"id":7934,"date":"2021-02-08T21:07:58","date_gmt":"2021-02-08T21:07:58","guid":{"rendered":"https:\/\/cena.pt\/homepage-cena\/"},"modified":"2021-02-19T00:06:38","modified_gmt":"2021-02-19T00:06:38","slug":"homepage-cena","status":"publish","type":"page","link":"https:\/\/cena.pt\/en\/","title":{"rendered":"Homepage Cena"},"content":{"rendered":"<div class=\"wpb-content-wrapper\"><p>[vc_row full_width=&#8221;stretch_row&#8221; css=&#8221;.vc_custom_1612822353744{padding-top: 320px !important;padding-bottom: 250px !important;background-image: url(https:\/\/cena.pt\/wp-content\/uploads\/2021\/01\/cena-complete-illustration-2.png?id=7911) !important;background-position: right !important;background-repeat: no-repeat !important;background-size: contain !important;}&#8221; el_class=&#8221;hide-bg-on-mobile marketing-intro&#8221;][vc_column css=&#8221;.vc_custom_1513003956648{padding-top: 0px !important;}&#8221;][vc_row_inner][vc_column_inner width=&#8221;5\/12&#8243; css=&#8221;.vc_custom_1540289131824{padding-left: 0px !important;}&#8221;]<header class=\"kd-section-title col-lg-12 text-left  kd-animated fadeIn  \" data-animation-delay=200><h1 class=\"separator_off\" >This is not just talk.<br \/>\nOur Cena\/thing is dialogue.<\/h1><h6 class=\"subtitle \" >Come the voice where it comes from.<\/h6><\/header>[vc_empty_space height=&#8221;20px&#8221;]<a  href=\"#intro\"  target=\"_self\"  title=\"\" class=\"tt_button tt_primary_button btn_primary_color  pull-left button-action-link icon_right kd-animated zoomIn btn-smooth-scroll\" data-animation-delay=200><span class=\"prim_text\">Know More<\/span><span class=\" iconita\"><\/span><\/a>[\/vc_column_inner][vc_column_inner width=&#8221;1\/6&#8243; offset=&#8221;vc_hidden-xs&#8221;][\/vc_column_inner][vc_column_inner el_class=&#8221;boxed-column&#8221; width=&#8221;5\/12&#8243; css=&#8221;.vc_custom_1541512210224{padding-top: 100px !important;padding-right: 0px !important;padding-left: 80px !important;}&#8221; offset=&#8221;vc_hidden-xs&#8221;][\/vc_column_inner][\/vc_row_inner][\/vc_column][\/vc_row][vc_row full_width=&#8221;stretch_row&#8221; css=&#8221;.vc_custom_1610987797095{border-bottom-width: 1px !important;padding-top: 115px !important;padding-bottom: 110px !important;background-color: #364468 !important;border-bottom-color: #ffffff !important;border-bottom-style: solid !important;}&#8221; el_id=&#8221;intro&#8221;][vc_column][vc_row_inner][vc_column_inner width=&#8221;1\/4&#8243; offset=&#8221;vc_hidden-xs&#8221;][\/vc_column_inner][vc_column_inner width=&#8221;1\/2&#8243;]<header class=\"kd-section-title col-lg-12 text-center  kd-animated fadeIn  \" data-animation-delay=200><h2 class=\"separator_off\" style=\"color: #ffffff;\">Our Cena\/Thing<\/h2><\/header>[vc_empty_space][vc_column_text el_class=&#8221;color-white&#8221;]<\/p>\n<h6 style=\"text-align: center; font-size: 18px; line-height: 30px;\"><span style=\"font-family: Helvetica,Arial,sans-serif;\">Cena is an agency founded in 1989, dedicated to the translation and interpretation of texts, documents and conferences. It counts on the collaboration of a vast number of experienced professionals, of various nationalities, as well as consultants and proofreaders specialized in the most different areas, guaranteeing control and quality in the services rendered so that, at the end of any work, the best Cena\/thing is a satisfied client.<\/span><\/h6>\n<p>[\/vc_column_text][\/vc_column_inner][vc_column_inner width=&#8221;1\/4&#8243;][\/vc_column_inner][\/vc_row_inner][\/vc_column][\/vc_row][vc_row css=&#8221;.vc_custom_1610538989989{padding-bottom: 100px !important;}&#8221;][vc_column]<div class=\"feature-sections-wrapper kd-fsp-69d2cc8e07599 \">\r\n            <section class=\"feature-sections-tabs  \">\r\n              <nav class=\"kd-feature-tabs\">\r\n                <ul class=\"nav nav-tabs sticky-tabs container\">\r\n                <\/ul>\r\n              <\/nav>\r\n            <\/section>\r\n            <section id=\"kd-fss-69d2cc8e07747\" class=\"featured-right \"><li class=\"nav-label\"><a class=\"feature-tabs-scroll\" href=\"#kd-fss-69d2cc8e07747\"><i class=\"iconsmind-Books iconsmind-Education fss-nav-icon\" style=\"font-size: 36px; \"><\/i> Translation<\/a><\/li><div class=\"container\">\r\n                <div class=\"side-content-wrapper kd-animated fadeInLeft\" data-animation-delay=\"200\"><i class=\"iconsmind-Books iconsmind-Education section-icon\" style=\" \"><\/i> <h2 class=\"side-content-title\" >Translation<\/h2><h6 class=\"side-content-subtitle\" >Words for what?<br \/>\nOur Cena\/thing is reading.<br \/>\nWhatever the language is.<\/h6><div class=\"side-content-link sc-primary-btn\"><a href=\"https:\/\/cena.pt\/en\/translation\/\" target=\"_self\" title=\"Know more\" class=\"tt_button tt_primary_button btn_primary_color button-action-link\">Know more<\/a><\/div><\/div><div class=\"side-featured-wrapper fss-rectangle kd-animated fadeInRight\" data-animation-delay=\"200\">\r\n      <div class=\"featured-image\"><img loading=\"lazy\" decoding=\"async\" src=\"https:\/\/cena.pt\/wp-content\/uploads\/2021\/01\/cena-traducao-homepage.png\" width=\"2048\" height=\"1800\" \/><\/div>\r\n    <\/div><\/div>\r\n            <\/section><section id=\"kd-fss-69d2cc8e20b15\" class=\"featured-left \"><li class=\"nav-label\"><a class=\"feature-tabs-scroll\" href=\"#kd-fss-69d2cc8e20b15\"><i class=\"iconsmind-Speach-BubbleDialog iconsmind-Speech-Bubbles fss-nav-icon\" style=\"font-size: 36px; \"><\/i> Interpretation<\/a><\/li><div class=\"container\">\r\n                <div class=\"side-content-wrapper kd-animated fadeInRight\" data-animation-delay=\"200\"><i class=\"iconsmind-Speach-BubbleDialog iconsmind-Speech-Bubbles section-icon\" style=\" \"><\/i> <h2 class=\"side-content-title\" >Interpretation<\/h2><h6 class=\"side-content-subtitle\" >This is not just talk.<br \/>\nOur Cena\/thing is dialogue.<br \/>\nCome the voice where it comes from.<\/h6><div class=\"side-content-link sc-primary-btn\"><a href=\"https:\/\/cena.pt\/en\/interpretation\/\" target=\"_self\" title=\"Know more\" class=\"tt_button tt_primary_button btn_primary_color button-action-link\">Know more<\/a><\/div><\/div><div class=\"side-featured-wrapper fss-rectangle kd-animated fadeInLeft\" data-animation-delay=\"200\">\r\n      <div class=\"featured-image\"><img loading=\"lazy\" decoding=\"async\" src=\"https:\/\/cena.pt\/wp-content\/uploads\/2021\/01\/cena-interpretacao-home.png\" width=\"2048\" height=\"1800\" \/><\/div>\r\n    <\/div><\/div>\r\n            <\/section>\r\n            <\/div><style type=\"text\/css\"><\/style>[\/vc_column][\/vc_row][vc_row css=&#8221;.vc_custom_1610540931814{margin-top: 50px !important;margin-bottom: 110px !important;}&#8221;][vc_column css=&#8221;.vc_custom_1516029502203{padding-right: 0px !important;padding-left: 0px !important;}&#8221;][vc_row_inner css=&#8221;.vc_custom_1610537370525{padding-bottom: 50px !important;}&#8221;][vc_column_inner width=&#8221;1\/4&#8243;][\/vc_column_inner][vc_column_inner width=&#8221;1\/2&#8243;]<header class=\"kd-section-title col-lg-12 text-center  kd-animated fadeIn   vc_custom_1610622864242\" data-animation-delay=200><h2 class=\"separator_off\" >Cena\/Thing by Thing<\/h2><h6 class=\"subtitle \" >We offer specialized translation and interpretation services in different areas:<\/h6><\/header>[\/vc_column_inner][vc_column_inner width=&#8221;1\/4&#8243;][\/vc_column_inner][\/vc_row_inner][vc_row_inner css=&#8221;.vc_custom_1610535416621{padding-bottom: 50px !important;}&#8221;][vc_column_inner width=&#8221;1\/4&#8243; css=&#8221;.vc_custom_1610549807773{padding-right: 0px !important;padding-left: 0px !important;}&#8221; offset=&#8221;vc_col-md-3 vc_col-xs-6&#8243;]<div class=\"key-icon-box icon-default icon-left cont-left ib-no-effect  kd-animated fadeInRight\" style=\"background-color: transparent;\" data-animation-delay=200><i class=\"iconsmind-Medical-Sign iconsmind-Science-Medical\" style=\" \"><\/i> <h5 class=\"service-heading\" >Medicine<\/h5><\/div>[\/vc_column_inner][vc_column_inner width=&#8221;1\/4&#8243; offset=&#8221;vc_col-md-3 vc_col-xs-6&#8243;]<div class=\"key-icon-box icon-default icon-left cont-left ib-no-effect  kd-animated fadeInRight\" style=\"background-color: transparent;\" data-animation-delay=200><i class=\"iconsmind-Environmental iconsmind-Nature\" style=\" \"><\/i> <h5 class=\"service-heading\" >Environment<\/h5><\/div>[\/vc_column_inner][vc_column_inner width=&#8221;1\/4&#8243; offset=&#8221;vc_col-md-3 vc_col-xs-6&#8243;]<div class=\"key-icon-box icon-default icon-left cont-left ib-no-effect  kd-animated fadeInRight\" style=\"background-color: transparent;\" data-animation-delay=200><i class=\"iconsmind-Student-Hat iconsmind-Education\" style=\" \"><\/i> <h5 class=\"service-heading\" >Education and Training<\/h5><\/div>[\/vc_column_inner][vc_column_inner width=&#8221;1\/4&#8243; offset=&#8221;vc_col-md-3 vc_col-xs-6&#8243;]<div class=\"key-icon-box icon-default icon-left cont-left ib-no-effect  kd-animated fadeInRight\" style=\"background-color: transparent;\" data-animation-delay=200><i class=\"iconsmind-Map2 iconsmind-Maps-Locations\" style=\" \"><\/i> <h5 class=\"service-heading\" >Tourism<\/h5><\/div>[\/vc_column_inner][\/vc_row_inner][vc_row_inner css=&#8221;.vc_custom_1610535422997{padding-bottom: 50px !important;}&#8221;][vc_column_inner width=&#8221;1\/4&#8243; css=&#8221;.vc_custom_1610549848508{padding-right: 0px !important;padding-left: 0px !important;}&#8221; offset=&#8221;vc_col-md-3 vc_col-xs-6&#8243;]<div class=\"key-icon-box icon-default icon-left cont-left ib-no-effect  kd-animated fadeInRight\" style=\"background-color: transparent;\" data-animation-delay=400><i class=\"iconsmind-Pantheon iconsmind-Buildings-Landmarks\" style=\" \"><\/i> <h5 class=\"service-heading\" >Law<\/h5><\/div>[\/vc_column_inner][vc_column_inner width=&#8221;1\/4&#8243; offset=&#8221;vc_col-lg-3 vc_col-md-3 vc_col-xs-6&#8243;]<div class=\"key-icon-box icon-default icon-left cont-left ib-no-effect  kd-animated fadeInRight\" style=\"background-color: transparent;\" data-animation-delay=400><i class=\"iconsmind-Smartphone-4 iconsmind-Desktop-apps\" style=\" \"><\/i> <h5 class=\"service-heading\" >Technology, Media and Telecommunications<\/h5><\/div>[\/vc_column_inner][vc_column_inner width=&#8221;1\/4&#8243; offset=&#8221;vc_col-md-3 vc_col-xs-6&#8243;]<div class=\"key-icon-box icon-default icon-left cont-left ib-no-effect  kd-animated fadeInRight\" style=\"background-color: transparent;\" data-animation-delay=400><i class=\"iconsmind-Factory iconsmind-Industry\" style=\" \"><\/i> <h5 class=\"service-heading\" >Industry in general<\/h5><\/div>[\/vc_column_inner][vc_column_inner width=&#8221;1\/4&#8243; offset=&#8221;vc_col-md-3 vc_col-xs-6&#8243;]<div class=\"key-icon-box icon-default icon-left cont-left ib-no-effect  kd-animated fadeInRight\" style=\"background-color: transparent;\" data-animation-delay=400><i class=\"iconsmind-Management iconsmind-Seo-Icons\" style=\" \"><\/i> <h5 class=\"service-heading\" >Administration<\/h5><\/div>[\/vc_column_inner][\/vc_row_inner][vc_row_inner css=&#8221;.vc_custom_1610535422997{padding-bottom: 50px !important;}&#8221;][vc_column_inner width=&#8221;1\/4&#8243; css=&#8221;.vc_custom_1610549916676{padding-right: 0px !important;padding-left: 0px !important;}&#8221; offset=&#8221;vc_col-md-3 vc_col-xs-6&#8243;]<div class=\"key-icon-box icon-default icon-left cont-left ib-no-effect  kd-animated fadeInRight\" style=\"background-color: transparent;\" data-animation-delay=600><i class=\"iconsmind-Library iconsmind-Buildings-Landmarks\" style=\" \"><\/i> <h5 class=\"service-heading\" >Public Institutions<\/h5><\/div>[\/vc_column_inner][vc_column_inner width=&#8221;1\/4&#8243; offset=&#8221;vc_col-md-3 vc_col-xs-6&#8243;]<div class=\"key-icon-box icon-default icon-left cont-left ib-no-effect  kd-animated fadeInRight\" style=\"background-color: transparent;\" data-animation-delay=600><i class=\"iconsmind-Euro iconsmind-Business-Finance\" style=\" \"><\/i> <h5 class=\"service-heading\" >Banking<\/h5><\/div>[\/vc_column_inner][vc_column_inner width=&#8221;1\/4&#8243; offset=&#8221;vc_col-md-3 vc_col-xs-6&#8243;]<div class=\"key-icon-box icon-default icon-left cont-left ib-no-effect  kd-animated fadeInRight\" style=\"background-color: transparent;\" data-animation-delay=600><i class=\"iconsmind-Bar-Chart iconsmind-Business-Finance\" style=\" \"><\/i> <h5 class=\"service-heading\" >Finance<\/h5><\/div>[\/vc_column_inner][vc_column_inner width=&#8221;1\/4&#8243;][\/vc_column_inner][\/vc_row_inner][\/vc_column][\/vc_row][vc_row full_width=&#8221;stretch_row_content_no_spaces&#8221; parallax=&#8221;content-moving&#8221; css=&#8221;.vc_custom_1610540912713{padding-top: 115px !important;padding-bottom: 110px !important;background-color: #eec432 !important;}&#8221; el_class=&#8221;background-right&#8221;][vc_column css=&#8221;.vc_custom_1516029195606{padding-right: 0px !important;padding-left: 0px !important;}&#8221;][vc_row_inner][vc_column_inner css=&#8221;.vc_custom_1516029204083{padding-right: 0px !important;padding-left: 0px !important;}&#8221;]\r\n                <div class=\"testimonial-cards container tcards-parent white-navigation kd-tcards-69d2cc8e261ed \">\r\n                    <div class=\"tcards-title-nav\"><h2 style=\"color: #ffffff;\">Words that do not require translation.<\/h2><\/div>\r\n                    <div class=\"tcards-content\"><div class=\"key-tcards kd-animated fadeInUp  kd-cardchild-69d2cc8e26310\" data-animation-delay=200>\r\n                <div class=\"tcards_message\" >\r\n                    <h6 >Je tiens \u00e0 remercier Cena de l\u2019excellente collaboration que nous maintenons depuis plus de 25 ans.<\/h6><div class=\"tcards-link\"><a href=\"https:\/\/cena.pt\/senhora-tradutora-e-interprete-paula-sapinho\/\" target=\"_self\" >More<\/a><\/div><\/div>\r\n                <div class=\"tcards_header\">\r\n                    <div class=\"tcards-image\"><img decoding=\"async\" src=\"https:\/\/cena.pt\/wp-content\/plugins\/js_composer\/assets\/vc\/no_image.png\" class=\"vc_img-placeholder\" \/><\/div>\r\n                    <h4 class=\"tcards-name\" style=\"color: #ffffff;\">Paula Sapinho<\/h4>\r\n                    <p class=\"tcards-job\" style=\"color: #ffffff;\">Translator and interpreter<\/p>\r\n                <\/div><\/div><div class=\"key-tcards kd-animated fadeInUp  kd-cardchild-69d2cc8e26420\" data-animation-delay=400>\r\n                <div class=\"tcards_message\" >\r\n                    <h6 >Trabalho h\u00e1 muitos anos com a empresa Cena, na qualidade de int\u00e9rprete de confer\u00eancias e ocasionalmente como tradutora.<\/h6><div class=\"tcards-link\"><a href=\"https:\/\/cena.pt\/interprete-e-tradutora-paula-mattos\/\" target=\"_self\" >More<\/a><\/div><\/div>\r\n                <div class=\"tcards_header\">\r\n                    <div class=\"tcards-image\"><img decoding=\"async\" src=\"https:\/\/cena.pt\/wp-content\/plugins\/js_composer\/assets\/vc\/no_image.png\" class=\"vc_img-placeholder\" \/><\/div>\r\n                    <h4 class=\"tcards-name\" style=\"color: #ffffff;\">Paula Mattos<\/h4>\r\n                    <p class=\"tcards-job\" style=\"color: #ffffff;\">Translator and interpreter<\/p>\r\n                <\/div><\/div><\/div>\r\n                <\/div><script type=\"text\/javascript\">\r\n          \t\t\t\tjQuery(document).ready(function($){\r\n                    if ($(\".testimonial-cards.kd-tcards-69d2cc8e261ed .tcards-content\").length) {\r\n                      $(\".testimonial-cards.kd-tcards-69d2cc8e261ed .tcards-content\").owlCarousel({\r\n                        stageClass: \"owl-wrapper\",\r\n                        stageOuterClass: \"owl-wrapper-outer\",\r\n                        loadedClass: \"owl-carousel\",responsive:{\r\n                            0:{\r\n                                items:1,\r\n                                dots: false,\r\n                                nav: true,\r\n                                navSpeed: 500,\r\n                            },\r\n                            768:{\r\n                                items:2,\r\n                                center: false,\r\n                                dots: false,\r\n                                nav: true,\r\n                                navSpeed: 500,\r\n                            },\r\n                            1024:{\r\n                                items:3,\r\n                            }\r\n                        },\r\n                        rewind: true,loop: true,nav: true,\r\n                          navSpeed: 500,\r\n                          dots: false,autoplay: false,autoplayHoverPause: false,\r\n                      });\r\n                    }\r\n          \t\t\t\t});\r\n          \t\t\t<\/script>[\/vc_column_inner][\/vc_row_inner][\/vc_column][\/vc_row][vc_row full_width=&#8221;stretch_row&#8221;][vc_column][vc_row_inner css=&#8221;.vc_custom_1511348417220{padding-top: 100px !important;padding-bottom: 100px !important;}&#8221;][vc_column_inner width=&#8221;1\/4&#8243;][\/vc_column_inner][vc_column_inner width=&#8221;1\/2&#8243;]<header class=\"kd-section-title col-lg-12 text-center  kd-animated fadeIn   vc_custom_1610548904192\" data-animation-delay=200><h2 class=\"separator_off\" >Come on stage with us.<\/h2><\/header><a  href=\"https:\/\/cena.pt\/en\/contacts\/\"  target=\"_self\"  title=\"\" class=\"tt_button tt_primary_button btn_primary_color  button-center button-action-link  kd-animated zoomIn\" data-animation-delay=200><span class=\"prim_text\">Contact us.<\/span><\/a>[vc_empty_space height=&#8221;25px&#8221;][vc_column_text css_animation=&#8221;fadeIn&#8221;]<\/p>\n<h6 style=\"text-align: center;\">Learn more about our <a href=\"http:\/\/cena.pt\/traducao\/\">translation<\/a> and <a href=\"http:\/\/cena.pt\/interpretacao\/\">interpretation<\/a> services.<\/h6>\n<p>[\/vc_column_text][\/vc_column_inner][vc_column_inner width=&#8221;1\/4&#8243;][\/vc_column_inner][\/vc_row_inner][\/vc_column][\/vc_row]<\/p>\n<\/div>","protected":false},"excerpt":{"rendered":"<p>[vc_row full_width=&#8221;stretch_row&#8221; css=&#8221;.vc_custom_1612822353744{padding-top: 320px !important;padding-bottom: 250px !important;background-image: url(https:\/\/cena.pt\/wp-content\/uploads\/2021\/01\/cena-complete-illustration-2.png?id=7911) !important;background-position: right !important;background-repeat: no-repeat !important;background-size: contain !important;}&#8221; el_class=&#8221;hide-bg-on-mobile marketing-intro&#8221;][vc_column css=&#8221;.vc_custom_1513003956648{padding-top: 0px !important;}&#8221;][vc_row_inner][vc_column_inner [&hellip;]<\/p>\n","protected":false},"author":1,"featured_media":0,"parent":0,"menu_order":0,"comment_status":"closed","ping_status":"closed","template":"","meta":{"footnotes":""},"class_list":["post-7934","page","type-page","status-publish","hentry"],"yoast_head":"<!-- This site is optimized with the Yoast SEO plugin v26.2 - https:\/\/yoast.com\/wordpress\/plugins\/seo\/ -->\n<title>CENA - Translation &amp; Interpreting Professionals<\/title>\n<meta name=\"description\" content=\"Cena is an agency founded in 1989, dedicated to the translation and interpretation of texts, documents and conferences.\" \/>\n<meta name=\"robots\" content=\"index, follow, max-snippet:-1, max-image-preview:large, max-video-preview:-1\" \/>\n<link rel=\"canonical\" href=\"https:\/\/cena.pt\/en\/\" \/>\n<meta property=\"og:locale\" content=\"en_US\" \/>\n<meta property=\"og:type\" content=\"article\" \/>\n<meta property=\"og:title\" content=\"CENA - Translation &amp; Interpreting Professionals\" \/>\n<meta property=\"og:description\" content=\"Cena is an agency founded in 1989, dedicated to the translation and interpretation of texts, documents and conferences.\" \/>\n<meta property=\"og:url\" content=\"https:\/\/cena.pt\/en\/\" \/>\n<meta property=\"og:site_name\" content=\"CENA - Translation &amp; Interpreting Professionals\" \/>\n<meta property=\"article:modified_time\" content=\"2021-02-19T00:06:38+00:00\" \/>\n<meta name=\"twitter:card\" content=\"summary_large_image\" \/>\n<meta name=\"twitter:label1\" content=\"Est. reading time\" \/>\n\t<meta name=\"twitter:data1\" content=\"4 minutes\" \/>\n<script type=\"application\/ld+json\" class=\"yoast-schema-graph\">{\"@context\":\"https:\/\/schema.org\",\"@graph\":[{\"@type\":\"WebPage\",\"@id\":\"https:\/\/cena.pt\/en\/\",\"url\":\"https:\/\/cena.pt\/en\/\",\"name\":\"CENA - Translation &amp; Interpreting Professionals\",\"isPartOf\":{\"@id\":\"https:\/\/cena.pt\/en\/#website\"},\"datePublished\":\"2021-02-08T21:07:58+00:00\",\"dateModified\":\"2021-02-19T00:06:38+00:00\",\"description\":\"Cena is an agency founded in 1989, dedicated to the translation and interpretation of texts, documents and conferences.\",\"breadcrumb\":{\"@id\":\"https:\/\/cena.pt\/en\/#breadcrumb\"},\"inLanguage\":\"en-US\",\"potentialAction\":[{\"@type\":\"ReadAction\",\"target\":[\"https:\/\/cena.pt\/en\/\"]}]},{\"@type\":\"BreadcrumbList\",\"@id\":\"https:\/\/cena.pt\/en\/#breadcrumb\",\"itemListElement\":[{\"@type\":\"ListItem\",\"position\":1,\"name\":\"In\u00edcio\",\"item\":\"https:\/\/cena.pt\/en\/\"},{\"@type\":\"ListItem\",\"position\":2,\"name\":\"Homepage Cena\"}]},{\"@type\":\"WebSite\",\"@id\":\"https:\/\/cena.pt\/en\/#website\",\"url\":\"https:\/\/cena.pt\/en\/\",\"name\":\"CENA - Translation &amp; Interpreting Professionals\",\"description\":\"Sem ser conversa, Somos voz e di\u00e1logo.\",\"publisher\":{\"@id\":\"https:\/\/cena.pt\/en\/#organization\"},\"potentialAction\":[{\"@type\":\"SearchAction\",\"target\":{\"@type\":\"EntryPoint\",\"urlTemplate\":\"https:\/\/cena.pt\/en\/?s={search_term_string}\"},\"query-input\":{\"@type\":\"PropertyValueSpecification\",\"valueRequired\":true,\"valueName\":\"search_term_string\"}}],\"inLanguage\":\"en-US\"},{\"@type\":\"Organization\",\"@id\":\"https:\/\/cena.pt\/en\/#organization\",\"name\":\"CENA - Tradu\u00e7\u00e3o e Interpreta\u00e7\u00e3o\",\"url\":\"https:\/\/cena.pt\/en\/\",\"logo\":{\"@type\":\"ImageObject\",\"inLanguage\":\"en-US\",\"@id\":\"https:\/\/cena.pt\/en\/#\/schema\/logo\/image\/\",\"url\":\"https:\/\/cena.pt\/wp-content\/uploads\/2021\/01\/logo-white-description-1.png\",\"contentUrl\":\"https:\/\/cena.pt\/wp-content\/uploads\/2021\/01\/logo-white-description-1.png\",\"width\":580,\"height\":319,\"caption\":\"CENA - Tradu\u00e7\u00e3o e Interpreta\u00e7\u00e3o\"},\"image\":{\"@id\":\"https:\/\/cena.pt\/en\/#\/schema\/logo\/image\/\"},\"sameAs\":[\"https:\/\/www.instagram.com\/cena.translationinterpretation\/\",\"https:\/\/www.linkedin.com\/company\/cena-tradu\u00e7\u00f5es-e-interpreta\u00e7\u00f5es\/\"]}]}<\/script>\n<!-- \/ Yoast SEO plugin. -->","yoast_head_json":{"title":"CENA - Translation &amp; Interpreting Professionals","description":"Cena is an agency founded in 1989, dedicated to the translation and interpretation of texts, documents and conferences.","robots":{"index":"index","follow":"follow","max-snippet":"max-snippet:-1","max-image-preview":"max-image-preview:large","max-video-preview":"max-video-preview:-1"},"canonical":"https:\/\/cena.pt\/en\/","og_locale":"en_US","og_type":"article","og_title":"CENA - Translation &amp; Interpreting Professionals","og_description":"Cena is an agency founded in 1989, dedicated to the translation and interpretation of texts, documents and conferences.","og_url":"https:\/\/cena.pt\/en\/","og_site_name":"CENA - Translation &amp; Interpreting Professionals","article_modified_time":"2021-02-19T00:06:38+00:00","twitter_card":"summary_large_image","twitter_misc":{"Est. reading time":"4 minutes"},"schema":{"@context":"https:\/\/schema.org","@graph":[{"@type":"WebPage","@id":"https:\/\/cena.pt\/en\/","url":"https:\/\/cena.pt\/en\/","name":"CENA - Translation &amp; Interpreting Professionals","isPartOf":{"@id":"https:\/\/cena.pt\/en\/#website"},"datePublished":"2021-02-08T21:07:58+00:00","dateModified":"2021-02-19T00:06:38+00:00","description":"Cena is an agency founded in 1989, dedicated to the translation and interpretation of texts, documents and conferences.","breadcrumb":{"@id":"https:\/\/cena.pt\/en\/#breadcrumb"},"inLanguage":"en-US","potentialAction":[{"@type":"ReadAction","target":["https:\/\/cena.pt\/en\/"]}]},{"@type":"BreadcrumbList","@id":"https:\/\/cena.pt\/en\/#breadcrumb","itemListElement":[{"@type":"ListItem","position":1,"name":"In\u00edcio","item":"https:\/\/cena.pt\/en\/"},{"@type":"ListItem","position":2,"name":"Homepage Cena"}]},{"@type":"WebSite","@id":"https:\/\/cena.pt\/en\/#website","url":"https:\/\/cena.pt\/en\/","name":"CENA - Translation &amp; Interpreting Professionals","description":"Sem ser conversa, Somos voz e di\u00e1logo.","publisher":{"@id":"https:\/\/cena.pt\/en\/#organization"},"potentialAction":[{"@type":"SearchAction","target":{"@type":"EntryPoint","urlTemplate":"https:\/\/cena.pt\/en\/?s={search_term_string}"},"query-input":{"@type":"PropertyValueSpecification","valueRequired":true,"valueName":"search_term_string"}}],"inLanguage":"en-US"},{"@type":"Organization","@id":"https:\/\/cena.pt\/en\/#organization","name":"CENA - Tradu\u00e7\u00e3o e Interpreta\u00e7\u00e3o","url":"https:\/\/cena.pt\/en\/","logo":{"@type":"ImageObject","inLanguage":"en-US","@id":"https:\/\/cena.pt\/en\/#\/schema\/logo\/image\/","url":"https:\/\/cena.pt\/wp-content\/uploads\/2021\/01\/logo-white-description-1.png","contentUrl":"https:\/\/cena.pt\/wp-content\/uploads\/2021\/01\/logo-white-description-1.png","width":580,"height":319,"caption":"CENA - Tradu\u00e7\u00e3o e Interpreta\u00e7\u00e3o"},"image":{"@id":"https:\/\/cena.pt\/en\/#\/schema\/logo\/image\/"},"sameAs":["https:\/\/www.instagram.com\/cena.translationinterpretation\/","https:\/\/www.linkedin.com\/company\/cena-tradu\u00e7\u00f5es-e-interpreta\u00e7\u00f5es\/"]}]}},"_links":{"self":[{"href":"https:\/\/cena.pt\/en\/wp-json\/wp\/v2\/pages\/7934","targetHints":{"allow":["GET"]}}],"collection":[{"href":"https:\/\/cena.pt\/en\/wp-json\/wp\/v2\/pages"}],"about":[{"href":"https:\/\/cena.pt\/en\/wp-json\/wp\/v2\/types\/page"}],"author":[{"embeddable":true,"href":"https:\/\/cena.pt\/en\/wp-json\/wp\/v2\/users\/1"}],"replies":[{"embeddable":true,"href":"https:\/\/cena.pt\/en\/wp-json\/wp\/v2\/comments?post=7934"}],"version-history":[{"count":21,"href":"https:\/\/cena.pt\/en\/wp-json\/wp\/v2\/pages\/7934\/revisions"}],"predecessor-version":[{"id":8016,"href":"https:\/\/cena.pt\/en\/wp-json\/wp\/v2\/pages\/7934\/revisions\/8016"}],"wp:attachment":[{"href":"https:\/\/cena.pt\/en\/wp-json\/wp\/v2\/media?parent=7934"}],"curies":[{"name":"wp","href":"https:\/\/api.w.org\/{rel}","templated":true}]}}