{"id":7948,"date":"2021-02-08T21:24:38","date_gmt":"2021-02-08T21:24:38","guid":{"rendered":"https:\/\/cena.pt\/interpretation\/"},"modified":"2021-02-18T23:53:24","modified_gmt":"2021-02-18T23:53:24","slug":"interpretation","status":"publish","type":"page","link":"https:\/\/cena.pt\/en\/interpretation\/","title":{"rendered":"Interpretation"},"content":{"rendered":"<div class=\"wpb-content-wrapper\"><p>[vc_row full_width=&#8221;stretch_row&#8221; css=&#8221;.vc_custom_1612473169887{background-image: url(http:\/\/cena.pt\/wp-content\/uploads\/2021\/01\/interpretacao-header.png?id=7775) !important;}&#8221; el_class=&#8221;services-intro&#8221;][vc_column css=&#8221;.vc_custom_1612473231622{padding-top: 0px !important;}&#8221; offset=&#8221;vc_hidden-xs&#8221;][vc_empty_space height=&#8221;320px&#8221;][vc_row_inner][vc_column_inner width=&#8221;5\/12&#8243; css=&#8221;.vc_custom_1540289131824{padding-left: 0px !important;}&#8221;]<header class=\"kd-section-title col-lg-12 text-left  kd-animated fadeIn  \" data-animation-delay=200><h1 class=\"separator_off\" >Interpretation<\/h1><\/header><header class=\"kd-section-title col-lg-12 text-left  kd-animated fadeIn  \" data-animation-delay=200><h3 class=\"separator_off\" >Is the language mute?<br \/>\nTalking we understand each other.<\/h3><\/header>[\/vc_column_inner][vc_column_inner width=&#8221;1\/6&#8243; offset=&#8221;vc_hidden-xs&#8221;][\/vc_column_inner][vc_column_inner el_class=&#8221;boxed-column&#8221; width=&#8221;5\/12&#8243; css=&#8221;.vc_custom_1541512210224{padding-top: 100px !important;padding-right: 0px !important;padding-left: 80px !important;}&#8221; offset=&#8221;vc_hidden-xs&#8221;][\/vc_column_inner][\/vc_row_inner][vc_empty_space height=&#8221;250px&#8221;][\/vc_column][\/vc_row][vc_row full_width=&#8221;stretch_row&#8221; el_class=&#8221;services-intro&#8221;][vc_column css=&#8221;.vc_custom_1612473217243{padding-top: 0px !important;}&#8221; offset=&#8221;vc_hidden-lg vc_hidden-md vc_hidden-sm&#8221;]<header class=\"kd-section-title col-lg-12 text-left  kd-animated fadeIn  \" data-animation-delay=200><h1 class=\"separator_off\" >Interpretation<\/h1><\/header><header class=\"kd-section-title col-lg-12 text-left  kd-animated fadeIn  \" data-animation-delay=200><h3 class=\"separator_off\" >Is the language mute?<br \/>\nTalking we understand each other.<\/h3><\/header>[vc_single_image image=&#8221;7914&#8243; img_size=&#8221;full&#8221;][\/vc_column][\/vc_row][vc_row full_width=&#8221;stretch_row&#8221; content_placement=&#8221;middle&#8221; css=&#8221;.vc_custom_1610629521840{padding-top: 80px !important;padding-bottom: 60px !important;background-color: #eec432 !important;}&#8221;][vc_column]<header class=\"kd-section-title col-lg-12 text-center  kd-animated fadeIn   vc_custom_1610629341979\" data-animation-delay=200><h2 class=\"separator_off\" style=\"color: #ffffff;font-size: 40px;\">Interpreting services<\/h2><\/header>[\/vc_column][\/vc_row][vc_row full_width=&#8221;stretch_row&#8221; css=&#8221;.vc_custom_1610629603304{padding-top: 100px !important;padding-bottom: 100px !important;background-color: #f9f9f9 !important;}&#8221;][vc_column][vc_row_inner content_placement=&#8221;middle&#8221; gap=&#8221;30&#8243; css=&#8221;.vc_custom_1610633209132{padding-bottom: 35px !important;}&#8221;][vc_column_inner width=&#8221;2\/3&#8243; css=&#8221;.vc_custom_1610628890196{padding-right: 0px !important;padding-left: 0px !important;}&#8221;]<header class=\"kd-section-title col-lg-12 text-left  kd-animated fadeIn   vc_custom_1610628481231\" data-animation-delay=200><h3 class=\"separator_off\" >Simultaneous interpretation<\/h3><\/header>[vc_empty_space height=&#8221;20px&#8221;][vc_column_text]<\/p>\n<h6>In simultaneous interpretation, listeners wear headphones, and the interpreter translates the speaker&#8217;s words into the translated language as quickly as possible from the original language, while the speaker from the original language speaks without interruption.<\/h6>\n<h6>The interpreter will be installed in a soundproof booth and will speak into a microphone while clearly seeing and\/or listening through the headphones to the original language speaker. Simultaneous interpretation is generally used at congresses or conferences. Simultaneous interpretation is generally used at congresses or conferences.<\/h6>\n<p>[\/vc_column_text][\/vc_column_inner][vc_column_inner width=&#8221;1\/3&#8243; css=&#8221;.vc_custom_1610633183819{padding-right: 0px !important;padding-left: 0px !important;}&#8221;][vc_single_image image=&#8221;7917&#8243; img_size=&#8221;full&#8221; alignment=&#8221;right&#8221; css=&#8221;.vc_custom_1610633306164{padding-top: 30px !important;padding-right: 30px !important;padding-bottom: 30px !important;padding-left: 30px !important;}&#8221;][\/vc_column_inner][\/vc_row_inner][vc_row_inner content_placement=&#8221;middle&#8221; gap=&#8221;30&#8243; css=&#8221;.vc_custom_1610633214147{padding-top: 35px !important;}&#8221;][vc_column_inner width=&#8221;1\/4&#8243; css=&#8221;.vc_custom_1610628890196{padding-right: 0px !important;padding-left: 0px !important;}&#8221;][vc_single_image image=&#8221;7916&#8243; img_size=&#8221;full&#8221; css=&#8221;.vc_custom_1610633319764{padding-top: 30px !important;padding-right: 30px !important;padding-bottom: 30px !important;padding-left: 30px !important;}&#8221;][\/vc_column_inner][vc_column_inner width=&#8221;3\/4&#8243; css=&#8221;.vc_custom_1610628896203{padding-right: 0px !important;padding-left: 0px !important;}&#8221;]<header class=\"kd-section-title col-lg-12 text-left  kd-animated fadeIn   vc_custom_1610629664862\" data-animation-delay=200><h3 class=\"separator_off\" >Consecutive interpretation<\/h3><\/header>[vc_empty_space height=&#8221;20px&#8221;][vc_column_text]<\/p>\n<h6>In simultaneous interpretation, listeners wear headphones, and the interpreter translates the speaker&#8217;s words into the translated language as quickly as possible from the original language, while the speaker from the original language speaks without interruption. The interpreter will be installed in a soundproof booth and will speak into a microphone while clearly seeing and\/or listening through the headphones to the original language speaker. Simultaneous interpretation is generally used at congresses or conferences. Simultaneous interpretation is generally used at congresses or conferences. These speeches are usually short<\/h6>\n<p>[\/vc_column_text][\/vc_column_inner][\/vc_row_inner][\/vc_column][\/vc_row][vc_row full_width=&#8221;stretch_row&#8221; disable_element=&#8221;yes&#8221; css=&#8221;.vc_custom_1610629260311{padding-top: 110px !important;padding-bottom: 55px !important;background-color: #f9f9f9 !important;}&#8221;][vc_column]<header class=\"kd-section-title col-lg-12 text-left solid-line sep-border-width-2  kd-animated fadeIn   vc_custom_1610628478135\" data-animation-delay=200><h4 class=\"separator_on\" >Interpreting services<\/h4><div class=\"kd-separator below_title\" ><div class=\"kd-separator-line\" ><\/div><\/div><\/header>[vc_empty_space height=&#8221;50px&#8221;][vc_row_inner gap=&#8221;30&#8243; css=&#8221;.vc_custom_1610629080971{padding-top: 25px !important;padding-bottom: 40px !important;}&#8221;][vc_column_inner width=&#8221;1\/4&#8243; css=&#8221;.vc_custom_1610628890196{padding-right: 0px !important;padding-left: 0px !important;}&#8221;][vc_single_image image=&#8221;7472&#8243; img_size=&#8221;full&#8221; alignment=&#8221;center&#8221;][\/vc_column_inner][vc_column_inner width=&#8221;3\/4&#8243; css=&#8221;.vc_custom_1610628896203{padding-right: 0px !important;padding-left: 0px !important;}&#8221;]<header class=\"kd-section-title col-lg-12 text-left  kd-animated fadeIn   vc_custom_1610628481231\" data-animation-delay=200><h3 class=\"separator_off\" >Simultaneous interpretation<\/h3><\/header>[vc_empty_space height=&#8221;20px&#8221;][vc_column_text]<\/p>\n<h6>In simultaneous interpretation, listeners wear headphones, and the interpreter translates the speaker&#8217;s words into the translated language as quickly as possible from the original language, while the speaker from the original language speaks without interruption.<\/h6>\n<h6>The interpreter will be installed in a soundproof booth and will speak into a microphone while clearly seeing and\/or listening through the headphones to the original language speaker. Simultaneous interpretation is generally used at congresses or conferences. Simultaneous interpretation is generally used at congresses or conferences.<\/h6>\n<p>[\/vc_column_text][\/vc_column_inner][\/vc_row_inner][vc_row_inner gap=&#8221;30&#8243; css=&#8221;.vc_custom_1610629074066{padding-top: 40px !important;}&#8221;][vc_column_inner width=&#8221;2\/3&#8243; css=&#8221;.vc_custom_1610628890196{padding-right: 0px !important;padding-left: 0px !important;}&#8221;]<header class=\"kd-section-title col-lg-12 text-left  kd-animated fadeIn   vc_custom_1610628481231\" data-animation-delay=200><h3 class=\"separator_off\" >Simultaneous interpretation<\/h3><\/header>[vc_empty_space height=&#8221;20px&#8221;][vc_column_text]<\/p>\n<h6>In simultaneous interpretation, listeners wear headphones, and the interpreter translates the speaker&#8217;s words into the translated language as quickly as possible from the original language, while the speaker from the original language speaks without interruption.<\/h6>\n<h6>The interpreter will be installed in a soundproof booth and will speak into a microphone while clearly seeing and\/or listening through the headphones to the original language speaker. Simultaneous interpretation is generally used at congresses or conferences. Simultaneous interpretation is generally used at congresses or conferences.<\/h6>\n<p>[\/vc_column_text][\/vc_column_inner][vc_column_inner width=&#8221;1\/3&#8243; css=&#8221;.vc_custom_1610628896203{padding-right: 0px !important;padding-left: 0px !important;}&#8221;][vc_single_image image=&#8221;7472&#8243; img_size=&#8221;full&#8221; alignment=&#8221;center&#8221;][\/vc_column_inner][\/vc_row_inner][\/vc_column][\/vc_row][vc_row gap=&#8221;30&#8243; css=&#8221;.vc_custom_1610629114460{padding-top: 110px !important;padding-bottom: 115px !important;background-position: center !important;background-repeat: no-repeat !important;background-size: cover !important;}&#8221;][vc_column width=&#8221;1\/2&#8243; css=&#8221;.vc_custom_1610627485719{padding-right: 0px !important;padding-left: 0px !important;}&#8221;]<header class=\"kd-section-title col-lg-12 text-left solid-line sep-border-width-2  kd-animated fadeIn   vc_custom_1611872407842\" data-animation-delay=200><h4 class=\"separator_on\" >Interpreters<\/h4><div class=\"kd-separator below_title\" ><div class=\"kd-separator-line\" ><\/div><\/div><\/header>[vc_column_text]Our interpreters are able to transmit, in each semantic element (tone and register), all the objectives and feelings of the message dictated by a speaker, from the original language to the translated language.<\/p>\n<p>These interpreters belong to the <a href=\"http:\/\/www.aiicportugal.pt\/portal\/index.php\/pt\/\" target=\"_blank\" rel=\"noopener\">International Association of Conference Interpreters (AIIC)<\/a> or the <a href=\"http:\/\/www.apic.org.pt\/\" target=\"_blank\" rel=\"noopener\">Portuguese Association of Conference Interpreters (APIC)<\/a> and have knowledge in several subject areas.[\/vc_column_text][\/vc_column][vc_column width=&#8221;1\/2&#8243;]<header class=\"kd-section-title col-lg-12 text-left solid-line sep-border-width-2  kd-animated fadeIn   vc_custom_1611924614143\" data-animation-delay=200><h4 class=\"separator_on\" >Some examples of interpretation:<\/h4><div class=\"kd-separator below_title\" ><div class=\"kd-separator-line\" ><\/div><\/div><\/header>[vc_column_text]All these services can also be performed Online &#8211; Via <a href=\"https:\/\/zoom.us\/\" target=\"_blank\" rel=\"noopener\">ZOOM<\/a> and\/or interpretation platforms, including <a href=\"https:\/\/interactio.io\/\" target=\"_blank\" rel=\"noopener\">Interactio<\/a>, <a href=\"https:\/\/www.interprefy.com\/\" target=\"_blank\" rel=\"noopener\">Interprefy<\/a>, <a href=\"https:\/\/voiceboxer.com\/\" target=\"_blank\" rel=\"noopener\">Voiceboxer<\/a>. Accompanying Interpretation (Private or Tourist Guide) Events and Meetings Congresses[\/vc_column_text][vc_empty_space height=&#8221;25px&#8221;]<ul class=\"kd-icon-list\" ><li class=\"kd-icon-list-item list-item-cena\"><i class=\"fas fa-check\" ><\/i><span class=\"kd-list-text\" >Accompanying interpretation (Private or tour guide)<\/li><li class=\"kd-icon-list-item list-item-cena\"><i class=\"fas fa-check\" ><\/i><span class=\"kd-list-text\" >Events and Meetings<\/li><li class=\"kd-icon-list-item list-item-cena\"><i class=\"fas fa-check\" ><\/i><span class=\"kd-list-text\" >Congresses<\/li><\/ul>[\/vc_column][\/vc_row][vc_row full_width=&#8221;stretch_row&#8221; css=&#8221;.vc_custom_1610553478428{border-top-width: 1px !important;border-top-color: #eaeaea !important;border-top-style: solid !important;}&#8221;][vc_column][vc_row_inner css=&#8221;.vc_custom_1511348417220{padding-top: 100px !important;padding-bottom: 100px !important;}&#8221;][vc_column_inner width=&#8221;1\/4&#8243;][\/vc_column_inner][vc_column_inner width=&#8221;1\/2&#8243;]<header class=\"kd-section-title col-lg-12 text-center  kd-animated fadeIn   vc_custom_1610548904192\" data-animation-delay=200><h2 class=\"separator_off\" >Come on stage with us.<\/h2><\/header><a  href=\"http:\/\/cena.pt\/contactos\/\"  target=\"_self\"  title=\"\" class=\"tt_button tt_primary_button btn_primary_color  button-center button-action-link  kd-animated zoomIn\" data-animation-delay=200><span class=\"prim_text\">Contact us.<\/span><\/a>[vc_empty_space height=&#8221;25px&#8221;][vc_column_text css_animation=&#8221;fadeIn&#8221;]<\/p>\n<h6 style=\"text-align: center;\">Learn more about our <a href=\"http:\/\/cena.pt\/traducao\/\">translation<\/a> and <a href=\"http:\/\/cena.pt\/interpretacao\/\">interpretation<\/a> services.<\/h6>\n<p>[\/vc_column_text][\/vc_column_inner][vc_column_inner width=&#8221;1\/4&#8243;][\/vc_column_inner][\/vc_row_inner][\/vc_column][\/vc_row]<\/p>\n<\/div>","protected":false},"excerpt":{"rendered":"<p>[vc_row full_width=&#8221;stretch_row&#8221; css=&#8221;.vc_custom_1612473169887{background-image: url(http:\/\/cena.pt\/wp-content\/uploads\/2021\/01\/interpretacao-header.png?id=7775) !important;}&#8221; el_class=&#8221;services-intro&#8221;][vc_column css=&#8221;.vc_custom_1612473231622{padding-top: 0px !important;}&#8221; offset=&#8221;vc_hidden-xs&#8221;][vc_empty_space height=&#8221;320px&#8221;][vc_row_inner][vc_column_inner width=&#8221;5\/12&#8243; css=&#8221;.vc_custom_1540289131824{padding-left: 0px !important;}&#8221;][\/vc_column_inner][vc_column_inner width=&#8221;1\/6&#8243; offset=&#8221;vc_hidden-xs&#8221;][\/vc_column_inner][vc_column_inner el_class=&#8221;boxed-column&#8221; width=&#8221;5\/12&#8243; css=&#8221;.vc_custom_1541512210224{padding-top: [&hellip;]<\/p>\n","protected":false},"author":1,"featured_media":0,"parent":0,"menu_order":0,"comment_status":"closed","ping_status":"closed","template":"","meta":{"footnotes":""},"class_list":["post-7948","page","type-page","status-publish","hentry"],"yoast_head":"<!-- This site is optimized with the Yoast SEO plugin v26.2 - https:\/\/yoast.com\/wordpress\/plugins\/seo\/ -->\n<title>Interpretation - CENA - Translation &amp; Interpreting Professionals<\/title>\n<meta name=\"description\" content=\"Is the language mute? Talking we understand each other. Interpreta\u00e7\u00e3o simult\u00e2nea | Interpreta\u00e7\u00e3o consecutiva.\" \/>\n<meta name=\"robots\" content=\"index, follow, max-snippet:-1, max-image-preview:large, max-video-preview:-1\" \/>\n<link rel=\"canonical\" href=\"https:\/\/cena.pt\/en\/interpretation\/\" \/>\n<meta property=\"og:locale\" content=\"en_US\" \/>\n<meta property=\"og:type\" content=\"article\" \/>\n<meta property=\"og:title\" content=\"Interpretation - CENA - Translation &amp; Interpreting Professionals\" \/>\n<meta property=\"og:description\" content=\"Is the language mute? Talking we understand each other. Interpreta\u00e7\u00e3o simult\u00e2nea | Interpreta\u00e7\u00e3o consecutiva.\" \/>\n<meta property=\"og:url\" content=\"https:\/\/cena.pt\/en\/interpretation\/\" \/>\n<meta property=\"og:site_name\" content=\"CENA - Translation &amp; Interpreting Professionals\" \/>\n<meta property=\"article:modified_time\" content=\"2021-02-18T23:53:24+00:00\" \/>\n<meta name=\"twitter:card\" content=\"summary_large_image\" \/>\n<meta name=\"twitter:label1\" content=\"Est. reading time\" \/>\n\t<meta name=\"twitter:data1\" content=\"4 minutes\" \/>\n<script type=\"application\/ld+json\" class=\"yoast-schema-graph\">{\"@context\":\"https:\/\/schema.org\",\"@graph\":[{\"@type\":\"WebPage\",\"@id\":\"https:\/\/cena.pt\/en\/interpretation\/\",\"url\":\"https:\/\/cena.pt\/en\/interpretation\/\",\"name\":\"Interpretation - CENA - Translation &amp; Interpreting Professionals\",\"isPartOf\":{\"@id\":\"https:\/\/cena.pt\/en\/#website\"},\"datePublished\":\"2021-02-08T21:24:38+00:00\",\"dateModified\":\"2021-02-18T23:53:24+00:00\",\"description\":\"Is the language mute? Talking we understand each other. Interpreta\u00e7\u00e3o simult\u00e2nea | Interpreta\u00e7\u00e3o consecutiva.\",\"breadcrumb\":{\"@id\":\"https:\/\/cena.pt\/en\/interpretation\/#breadcrumb\"},\"inLanguage\":\"en-US\",\"potentialAction\":[{\"@type\":\"ReadAction\",\"target\":[\"https:\/\/cena.pt\/en\/interpretation\/\"]}]},{\"@type\":\"BreadcrumbList\",\"@id\":\"https:\/\/cena.pt\/en\/interpretation\/#breadcrumb\",\"itemListElement\":[{\"@type\":\"ListItem\",\"position\":1,\"name\":\"In\u00edcio\",\"item\":\"https:\/\/cena.pt\/en\/\"},{\"@type\":\"ListItem\",\"position\":2,\"name\":\"Interpretation\"}]},{\"@type\":\"WebSite\",\"@id\":\"https:\/\/cena.pt\/en\/#website\",\"url\":\"https:\/\/cena.pt\/en\/\",\"name\":\"CENA - Translation &amp; Interpreting Professionals\",\"description\":\"Sem ser conversa, Somos voz e di\u00e1logo.\",\"publisher\":{\"@id\":\"https:\/\/cena.pt\/en\/#organization\"},\"potentialAction\":[{\"@type\":\"SearchAction\",\"target\":{\"@type\":\"EntryPoint\",\"urlTemplate\":\"https:\/\/cena.pt\/en\/?s={search_term_string}\"},\"query-input\":{\"@type\":\"PropertyValueSpecification\",\"valueRequired\":true,\"valueName\":\"search_term_string\"}}],\"inLanguage\":\"en-US\"},{\"@type\":\"Organization\",\"@id\":\"https:\/\/cena.pt\/en\/#organization\",\"name\":\"CENA - Tradu\u00e7\u00e3o e Interpreta\u00e7\u00e3o\",\"url\":\"https:\/\/cena.pt\/en\/\",\"logo\":{\"@type\":\"ImageObject\",\"inLanguage\":\"en-US\",\"@id\":\"https:\/\/cena.pt\/en\/#\/schema\/logo\/image\/\",\"url\":\"https:\/\/cena.pt\/wp-content\/uploads\/2021\/01\/logo-white-description-1.png\",\"contentUrl\":\"https:\/\/cena.pt\/wp-content\/uploads\/2021\/01\/logo-white-description-1.png\",\"width\":580,\"height\":319,\"caption\":\"CENA - Tradu\u00e7\u00e3o e Interpreta\u00e7\u00e3o\"},\"image\":{\"@id\":\"https:\/\/cena.pt\/en\/#\/schema\/logo\/image\/\"},\"sameAs\":[\"https:\/\/www.instagram.com\/cena.translationinterpretation\/\",\"https:\/\/www.linkedin.com\/company\/cena-tradu\u00e7\u00f5es-e-interpreta\u00e7\u00f5es\/\"]}]}<\/script>\n<!-- \/ Yoast SEO plugin. -->","yoast_head_json":{"title":"Interpretation - CENA - Translation &amp; Interpreting Professionals","description":"Is the language mute? Talking we understand each other. Interpreta\u00e7\u00e3o simult\u00e2nea | Interpreta\u00e7\u00e3o consecutiva.","robots":{"index":"index","follow":"follow","max-snippet":"max-snippet:-1","max-image-preview":"max-image-preview:large","max-video-preview":"max-video-preview:-1"},"canonical":"https:\/\/cena.pt\/en\/interpretation\/","og_locale":"en_US","og_type":"article","og_title":"Interpretation - CENA - Translation &amp; Interpreting Professionals","og_description":"Is the language mute? Talking we understand each other. Interpreta\u00e7\u00e3o simult\u00e2nea | Interpreta\u00e7\u00e3o consecutiva.","og_url":"https:\/\/cena.pt\/en\/interpretation\/","og_site_name":"CENA - Translation &amp; Interpreting Professionals","article_modified_time":"2021-02-18T23:53:24+00:00","twitter_card":"summary_large_image","twitter_misc":{"Est. reading time":"4 minutes"},"schema":{"@context":"https:\/\/schema.org","@graph":[{"@type":"WebPage","@id":"https:\/\/cena.pt\/en\/interpretation\/","url":"https:\/\/cena.pt\/en\/interpretation\/","name":"Interpretation - CENA - Translation &amp; Interpreting Professionals","isPartOf":{"@id":"https:\/\/cena.pt\/en\/#website"},"datePublished":"2021-02-08T21:24:38+00:00","dateModified":"2021-02-18T23:53:24+00:00","description":"Is the language mute? Talking we understand each other. Interpreta\u00e7\u00e3o simult\u00e2nea | Interpreta\u00e7\u00e3o consecutiva.","breadcrumb":{"@id":"https:\/\/cena.pt\/en\/interpretation\/#breadcrumb"},"inLanguage":"en-US","potentialAction":[{"@type":"ReadAction","target":["https:\/\/cena.pt\/en\/interpretation\/"]}]},{"@type":"BreadcrumbList","@id":"https:\/\/cena.pt\/en\/interpretation\/#breadcrumb","itemListElement":[{"@type":"ListItem","position":1,"name":"In\u00edcio","item":"https:\/\/cena.pt\/en\/"},{"@type":"ListItem","position":2,"name":"Interpretation"}]},{"@type":"WebSite","@id":"https:\/\/cena.pt\/en\/#website","url":"https:\/\/cena.pt\/en\/","name":"CENA - Translation &amp; Interpreting Professionals","description":"Sem ser conversa, Somos voz e di\u00e1logo.","publisher":{"@id":"https:\/\/cena.pt\/en\/#organization"},"potentialAction":[{"@type":"SearchAction","target":{"@type":"EntryPoint","urlTemplate":"https:\/\/cena.pt\/en\/?s={search_term_string}"},"query-input":{"@type":"PropertyValueSpecification","valueRequired":true,"valueName":"search_term_string"}}],"inLanguage":"en-US"},{"@type":"Organization","@id":"https:\/\/cena.pt\/en\/#organization","name":"CENA - Tradu\u00e7\u00e3o e Interpreta\u00e7\u00e3o","url":"https:\/\/cena.pt\/en\/","logo":{"@type":"ImageObject","inLanguage":"en-US","@id":"https:\/\/cena.pt\/en\/#\/schema\/logo\/image\/","url":"https:\/\/cena.pt\/wp-content\/uploads\/2021\/01\/logo-white-description-1.png","contentUrl":"https:\/\/cena.pt\/wp-content\/uploads\/2021\/01\/logo-white-description-1.png","width":580,"height":319,"caption":"CENA - Tradu\u00e7\u00e3o e Interpreta\u00e7\u00e3o"},"image":{"@id":"https:\/\/cena.pt\/en\/#\/schema\/logo\/image\/"},"sameAs":["https:\/\/www.instagram.com\/cena.translationinterpretation\/","https:\/\/www.linkedin.com\/company\/cena-tradu\u00e7\u00f5es-e-interpreta\u00e7\u00f5es\/"]}]}},"_links":{"self":[{"href":"https:\/\/cena.pt\/en\/wp-json\/wp\/v2\/pages\/7948","targetHints":{"allow":["GET"]}}],"collection":[{"href":"https:\/\/cena.pt\/en\/wp-json\/wp\/v2\/pages"}],"about":[{"href":"https:\/\/cena.pt\/en\/wp-json\/wp\/v2\/types\/page"}],"author":[{"embeddable":true,"href":"https:\/\/cena.pt\/en\/wp-json\/wp\/v2\/users\/1"}],"replies":[{"embeddable":true,"href":"https:\/\/cena.pt\/en\/wp-json\/wp\/v2\/comments?post=7948"}],"version-history":[{"count":19,"href":"https:\/\/cena.pt\/en\/wp-json\/wp\/v2\/pages\/7948\/revisions"}],"predecessor-version":[{"id":8015,"href":"https:\/\/cena.pt\/en\/wp-json\/wp\/v2\/pages\/7948\/revisions\/8015"}],"wp:attachment":[{"href":"https:\/\/cena.pt\/en\/wp-json\/wp\/v2\/media?parent=7948"}],"curies":[{"name":"wp","href":"https:\/\/api.w.org\/{rel}","templated":true}]}}