{"id":7968,"date":"2021-02-08T21:58:30","date_gmt":"2021-02-08T21:58:30","guid":{"rendered":"https:\/\/cena.pt\/translation\/"},"modified":"2021-02-08T21:58:31","modified_gmt":"2021-02-08T21:58:31","slug":"translation","status":"publish","type":"page","link":"https:\/\/cena.pt\/en\/translation\/","title":{"rendered":"Translation"},"content":{"rendered":"<div class=\"wpb-content-wrapper\"><p>[vc_row full_width=&#8221;stretch_row&#8221; css=&#8221;.vc_custom_1612472965050{background-image: url(http:\/\/cena.pt\/wp-content\/uploads\/2021\/01\/traducao-header-2.png?id=7783) !important;}&#8221; el_class=&#8221;services-intro&#8221; top_section_title=&#8221;&#8221; bottom_section_title=&#8221;&#8221;][vc_column css=&#8221;.vc_custom_1612473046470{padding-top: 0px !important;}&#8221; offset=&#8221;vc_hidden-xs&#8221;][vc_empty_space height=&#8221;320px&#8221;][vc_row_inner][vc_column_inner width=&#8221;5\/12&#8243; css=&#8221;.vc_custom_1540289131824{padding-left: 0px !important;}&#8221;]<header class=\"kd-section-title col-lg-12 text-left  kd-animated fadeIn  \" data-animation-delay=200><h1 class=\"separator_off\" >Translation<\/h1><\/header><header class=\"kd-section-title col-lg-12 text-left  kd-animated fadeIn  \" data-animation-delay=200><h3 class=\"separator_off\" >The language changes.<br \/>\nThe reading of the Cena\/thing should stay the same.<\/h3><\/header>[\/vc_column_inner][vc_column_inner width=&#8221;1\/6&#8243; offset=&#8221;vc_hidden-xs&#8221;][\/vc_column_inner][vc_column_inner el_class=&#8221;boxed-column&#8221; width=&#8221;5\/12&#8243; css=&#8221;.vc_custom_1541512210224{padding-top: 100px !important;padding-right: 0px !important;padding-left: 80px !important;}&#8221; offset=&#8221;vc_hidden-xs&#8221;][\/vc_column_inner][\/vc_row_inner][vc_empty_space height=&#8221;250px&#8221;][\/vc_column][\/vc_row][vc_row full_width=&#8221;stretch_row&#8221; el_class=&#8221;services-intro&#8221; top_section_title=&#8221;&#8221; bottom_section_title=&#8221;&#8221;][vc_column css=&#8221;.vc_custom_1612473036982{padding-top: 0px !important;}&#8221; offset=&#8221;vc_hidden-lg vc_hidden-md vc_hidden-sm&#8221;]<header class=\"kd-section-title col-lg-12 text-left  kd-animated fadeIn  \" data-animation-delay=200><h1 class=\"separator_off\" >Translation<\/h1><\/header><header class=\"kd-section-title col-lg-12 text-left  kd-animated fadeIn  \" data-animation-delay=200><h3 class=\"separator_off\" >The language changes.<br \/>\nThe reading of the Cena\/thing should stay the same.<\/h3><\/header>[vc_single_image image=&#8221;7919&#8243; img_size=&#8221;full&#8221;][\/vc_column][\/vc_row][vc_row full_width=&#8221;stretch_row&#8221; content_placement=&#8221;middle&#8221; disable_element=&#8221;yes&#8221; css=&#8221;.vc_custom_1610621879349{padding-top: 80px !important;padding-bottom: 50px !important;}&#8221;][vc_column][vc_row_inner content_placement=&#8221;middle&#8221; gap=&#8221;30&#8243;][vc_column_inner width=&#8221;1\/4&#8243;][vc_single_image image=&#8221;7472&#8243; img_size=&#8221;full&#8221;][\/vc_column_inner][vc_column_inner width=&#8221;3\/4&#8243;][vc_custom_heading text=&#8221;We offer a complete translation service, in any language.&#8221; font_container=&#8221;tag:h5|font_size:28px|text_align:left&#8221; use_theme_fonts=&#8221;yes&#8221; css_animation=&#8221;fadeIn&#8221;][\/vc_column_inner][\/vc_row_inner][\/vc_column][\/vc_row][vc_row full_width=&#8221;stretch_row&#8221; disable_element=&#8221;yes&#8221; css=&#8221;.vc_custom_1610621873117{padding-top: 80px !important;padding-bottom: 115px !important;}&#8221;][vc_column][vc_row_inner][vc_column_inner]<header class=\"kd-section-title col-lg-12 text-left solid-line sep-border-width-2  kd-animated fadeIn   vc_custom_1610618678933\" data-animation-delay=200><h4 class=\"separator_on\" >Some examples of translation:<\/h4><div class=\"kd-separator below_title\" ><div class=\"kd-separator-line\" ><\/div><\/div><h6 class=\"subtitle \" >*In these services may be included an Authentication and certification of all kinds of official documents.<\/h6><\/header>[vc_empty_space height=&#8221;25px&#8221;][\/vc_column_inner][\/vc_row_inner][vc_row_inner][vc_column_inner width=&#8221;1\/3&#8243;]<ul class=\"kd-icon-list\" ><li class=\"kd-icon-list-item list-item-cena\"><i class=\"fas fa-check\" ><\/i><span class=\"kd-list-text\" >Technical\/scientific<\/li> <li class=\"kd-icon-list-item list-item-cena\"><i class=\"fas fa-check\" ><\/i><span class=\"kd-list-text\" >Software translation<\/li><\/ul>[\/vc_column_inner][vc_column_inner width=&#8221;1\/3&#8243;]<ul class=\"kd-icon-list\" ><li class=\"kd-icon-list-item list-item-cena\"><i class=\"fas fa-check\" ><\/i><span class=\"kd-list-text\" >Translation of web-sites<\/li> <li class=\"kd-icon-list-item list-item-cena\"><i class=\"fas fa-check\" ><\/i><span class=\"kd-list-text\" >Translation of manuals<\/li><\/ul>[\/vc_column_inner][vc_column_inner width=&#8221;1\/3&#8243;]<ul class=\"kd-icon-list\" ><li class=\"kd-icon-list-item list-item-cena\"><i class=\"fas fa-check\" ><\/i><span class=\"kd-list-text\" >Application Translation<\/li><\/ul>[\/vc_column_inner][\/vc_row_inner][\/vc_column][\/vc_row][vc_row full_width=&#8221;stretch_row&#8221; gap=&#8221;30&#8243; css=&#8221;.vc_custom_1610621943834{padding-top: 50px !important;padding-bottom: 115px !important;background-position: center !important;background-repeat: no-repeat !important;background-size: cover !important;}&#8221;][vc_column width=&#8221;1\/3&#8243; css=&#8221;.vc_custom_1516008830796{padding-right: 0px !important;padding-left: 0px !important;}&#8221;][vc_row_inner][vc_column_inner]<div class=\"key-icon-box icon-default icon-top cont-left ib-hover-1  kd-animated fadeInUp\" style=\"background-color: #364468;\" ><div class=\"ib-wrapper\"><i class=\"iconsmind-Globe iconsmind-Maps-Locations\" style=\" color: #ffffff;\"><\/i> <h5 class=\"service-heading\" style=\"color: #ffffff;\">We offer a complete translation service, in any language.<\/h5><\/div><\/div>[\/vc_column_inner][\/vc_row_inner][\/vc_column][vc_column width=&#8221;2\/3&#8243;]<header class=\"kd-section-title col-lg-12 text-left solid-line sep-border-width-2  kd-animated fadeIn   vc_custom_1610618678933\" data-animation-delay=200><h4 class=\"separator_on\" >Some examples of translation:<\/h4><div class=\"kd-separator below_title\" ><div class=\"kd-separator-line\" ><\/div><\/div><h6 class=\"subtitle \" >*In these services may be included an Authentication and certification of all kinds of official documents.<\/h6><\/header>[vc_empty_space height=&#8221;25px&#8221;][vc_row_inner][vc_column_inner width=&#8221;1\/2&#8243;]<ul class=\"kd-icon-list\" ><li class=\"kd-icon-list-item list-item-cena\"><i class=\"fas fa-check\" ><\/i><span class=\"kd-list-text\" >Technical\/scientific<\/li><li class=\"kd-icon-list-item list-item-cena\"><i class=\"fas fa-check\" ><\/i><span class=\"kd-list-text\" >Software translation<\/li><li class=\"kd-icon-list-item list-item-cena\"><i class=\"fas fa-check\" ><\/i><span class=\"kd-list-text\" >Translation of Websites<\/li><\/ul>[\/vc_column_inner][vc_column_inner width=&#8221;1\/2&#8243;]<ul class=\"kd-icon-list\" ><li class=\"kd-icon-list-item list-item-cena\"><i class=\"fas fa-check\" ><\/i><span class=\"kd-list-text\" >Translation of manuals<\/li><li class=\"kd-icon-list-item list-item-cena\"><i class=\"fas fa-check\" ><\/i><span class=\"kd-list-text\" >Application Translation<\/li><\/ul>[\/vc_column_inner][\/vc_row_inner][\/vc_column][\/vc_row][vc_row full_width=&#8221;stretch_row&#8221; parallax=&#8221;content-moving&#8221; parallax_image=&#8221;6535&#8243; css=&#8221;.vc_custom_1610621076087{padding-top: 80px !important;padding-bottom: 80px !important;background-image: url(http:\/\/cena.pt\/wp-content\/uploads\/2021\/01\/background-cena-yellow.png?id=7641) !important;}&#8221;][vc_column][vc_row_inner css=&#8221;.vc_custom_1540375922073{margin-bottom: 0px !important;}&#8221;][vc_column_inner css=&#8221;.vc_custom_1541510468613{margin-top: 120px !important;margin-left: 0px !important;padding-left: 0px !important;}&#8221; offset=&#8221;vc_col-lg-5&#8243;]<header class=\"kd-section-title col-lg-12 text-left  kd-animated fadeIn  \" data-animation-delay=200><h2 class=\"separator_off\" style=\"color: #ffffff;font-size: 42px;\">Creative Translation<\/h2><h6 class=\"subtitle \" style=\"color: #ffffff;\">Our Creative Translation service allows the content to be treated to be translated and introduced without any kind of loss of its original version and characteristics.<\/h6><\/header>[\/vc_column_inner][vc_column_inner css=&#8221;.vc_custom_1541510512851{padding-right: 50px !important;padding-left: 50px !important;}&#8221; offset=&#8221;vc_col-lg-2 vc_hidden-sm vc_hidden-xs&#8221;][\/vc_column_inner][vc_column_inner offset=&#8221;vc_col-lg-5&#8243;][vc_single_image source=&#8221;external_link&#8221; external_img_size=&#8221;300&#215;450&#8243; css_animation=&#8221;fadeIn&#8221; custom_src=&#8221;http:\/\/cena.pt\/wp-content\/uploads\/2021\/01\/quotation-mark-01.png&#8221;][\/vc_column_inner][\/vc_row_inner][\/vc_column][\/vc_row][vc_row full_width=&#8221;stretch_row&#8221; css=&#8221;.vc_custom_1610553478428{border-top-width: 1px !important;border-top-color: #eaeaea !important;border-top-style: solid !important;}&#8221;][vc_column][vc_row_inner css=&#8221;.vc_custom_1511348417220{padding-top: 100px !important;padding-bottom: 100px !important;}&#8221;][vc_column_inner width=&#8221;1\/4&#8243;][\/vc_column_inner][vc_column_inner width=&#8221;1\/2&#8243;]<header class=\"kd-section-title col-lg-12 text-center  kd-animated fadeIn   vc_custom_1610548904192\" data-animation-delay=200><h2 class=\"separator_off\" >Come on stage with us.<\/h2><\/header><a  href=\"http:\/\/cena.pt\/contactos\/\"  target=\"_self\"  title=\"\" class=\"tt_button tt_primary_button btn_primary_color  button-center button-action-link  kd-animated zoomIn\" data-animation-delay=200><span class=\"prim_text\">Contact us.<\/span><\/a>[vc_empty_space height=&#8221;25px&#8221;][vc_column_text css_animation=&#8221;fadeIn&#8221;]<\/p>\n<h6 style=\"text-align: center\">Learn more about our <a href=\"http:\/\/cena.pt\/traducao\/\">translation<\/a> and <a href=\"http:\/\/cena.pt\/interpretacao\/\">interpretation<\/a> services.<\/h6>\n<p>[\/vc_column_text][\/vc_column_inner][vc_column_inner width=&#8221;1\/4&#8243;][\/vc_column_inner][\/vc_row_inner][\/vc_column][\/vc_row][vc_row full_width=&#8221;stretch_row&#8221; disable_element=&#8221;yes&#8221; css=&#8221;.vc_custom_1610621125820{padding-top: 250px !important;padding-bottom: 200px !important;background-image: url(http:\/\/cena.pt\/wp-content\/uploads\/2021\/01\/background-cena.png?id=7630) !important;background-position: center !important;background-repeat: no-repeat !important;background-size: cover !important;}&#8221;][vc_column][vc_row_inner][vc_column_inner]<header class=\"kd-section-title vc_col-lg-6 vc_col-sm-8 text-left  kd-animated fadeIn   vc_custom_1610618470624\" data-animation-delay=200><h2 class=\"separator_off\" style=\"font-size: 42px;\">Creative Translation<\/h2><h6 class=\"subtitle \" >Our Creative Translation service allows the content to be treated to be translated and introduced without any kind of loss of its original version and characteristics.<\/h6><\/header>[\/vc_column_inner][\/vc_row_inner][vc_row_inner css=&#8221;.vc_custom_1516118473562{margin-bottom: 30px !important;}&#8221;][vc_column_inner width=&#8221;5\/12&#8243; css=&#8221;.vc_custom_1540292208729{margin-left: 0px !important;padding-left: 0px !important;}&#8221;][\/vc_column_inner][vc_column_inner width=&#8221;7\/12&#8243; css=&#8221;.vc_custom_1511266572685{padding-right: 50px !important;padding-left: 50px !important;}&#8221;][\/vc_column_inner][\/vc_row_inner][\/vc_column][\/vc_row]<\/p>\n<\/div>","protected":false},"excerpt":{"rendered":"<p>[vc_row full_width=&#8221;stretch_row&#8221; css=&#8221;.vc_custom_1612472965050{background-image: url(http:\/\/cena.pt\/wp-content\/uploads\/2021\/01\/traducao-header-2.png?id=7783) !important;}&#8221; el_class=&#8221;services-intro&#8221; top_section_title=&#8221;&#8221; bottom_section_title=&#8221;&#8221;][vc_column css=&#8221;.vc_custom_1612473046470{padding-top: 0px !important;}&#8221; offset=&#8221;vc_hidden-xs&#8221;][vc_empty_space height=&#8221;320px&#8221;][vc_row_inner][vc_column_inner width=&#8221;5\/12&#8243; css=&#8221;.vc_custom_1540289131824{padding-left: 0px !important;}&#8221;][\/vc_column_inner][vc_column_inner width=&#8221;1\/6&#8243; offset=&#8221;vc_hidden-xs&#8221;][\/vc_column_inner][vc_column_inner el_class=&#8221;boxed-column&#8221; [&hellip;]<\/p>\n","protected":false},"author":1,"featured_media":0,"parent":0,"menu_order":0,"comment_status":"closed","ping_status":"closed","template":"","meta":{"footnotes":""},"class_list":["post-7968","page","type-page","status-publish","hentry"],"yoast_head":"<!-- This site is optimized with the Yoast SEO plugin v26.2 - https:\/\/yoast.com\/wordpress\/plugins\/seo\/ -->\n<title>Translation - CENA - Translation &amp; Interpreting Professionals<\/title>\n<meta name=\"description\" content=\"The language changes. The reading of the Cena\/thing should stay the same. We offer a complete translation service, in any language. Creative Translation\" \/>\n<meta name=\"robots\" content=\"index, follow, max-snippet:-1, max-image-preview:large, max-video-preview:-1\" \/>\n<link rel=\"canonical\" href=\"https:\/\/cena.pt\/en\/translation\/\" \/>\n<meta property=\"og:locale\" content=\"en_US\" \/>\n<meta property=\"og:type\" content=\"article\" \/>\n<meta property=\"og:title\" content=\"Translation - CENA - Translation &amp; Interpreting Professionals\" \/>\n<meta property=\"og:description\" content=\"The language changes. The reading of the Cena\/thing should stay the same. We offer a complete translation service, in any language. Creative Translation\" \/>\n<meta property=\"og:url\" content=\"https:\/\/cena.pt\/en\/translation\/\" \/>\n<meta property=\"og:site_name\" content=\"CENA - Translation &amp; Interpreting Professionals\" \/>\n<meta property=\"article:modified_time\" content=\"2021-02-08T21:58:31+00:00\" \/>\n<meta name=\"twitter:card\" content=\"summary_large_image\" \/>\n<meta name=\"twitter:label1\" content=\"Est. reading time\" \/>\n\t<meta name=\"twitter:data1\" content=\"8 minutes\" \/>\n<script type=\"application\/ld+json\" class=\"yoast-schema-graph\">{\"@context\":\"https:\/\/schema.org\",\"@graph\":[{\"@type\":\"WebPage\",\"@id\":\"https:\/\/cena.pt\/en\/translation\/\",\"url\":\"https:\/\/cena.pt\/en\/translation\/\",\"name\":\"Translation - CENA - Translation &amp; Interpreting Professionals\",\"isPartOf\":{\"@id\":\"https:\/\/cena.pt\/en\/#website\"},\"datePublished\":\"2021-02-08T21:58:30+00:00\",\"dateModified\":\"2021-02-08T21:58:31+00:00\",\"description\":\"The language changes. The reading of the Cena\/thing should stay the same. We offer a complete translation service, in any language. Creative Translation\",\"breadcrumb\":{\"@id\":\"https:\/\/cena.pt\/en\/translation\/#breadcrumb\"},\"inLanguage\":\"en-US\",\"potentialAction\":[{\"@type\":\"ReadAction\",\"target\":[\"https:\/\/cena.pt\/en\/translation\/\"]}]},{\"@type\":\"BreadcrumbList\",\"@id\":\"https:\/\/cena.pt\/en\/translation\/#breadcrumb\",\"itemListElement\":[{\"@type\":\"ListItem\",\"position\":1,\"name\":\"In\u00edcio\",\"item\":\"https:\/\/cena.pt\/en\/\"},{\"@type\":\"ListItem\",\"position\":2,\"name\":\"Translation\"}]},{\"@type\":\"WebSite\",\"@id\":\"https:\/\/cena.pt\/en\/#website\",\"url\":\"https:\/\/cena.pt\/en\/\",\"name\":\"CENA - Translation &amp; Interpreting Professionals\",\"description\":\"Sem ser conversa, Somos voz e di\u00e1logo.\",\"publisher\":{\"@id\":\"https:\/\/cena.pt\/en\/#organization\"},\"potentialAction\":[{\"@type\":\"SearchAction\",\"target\":{\"@type\":\"EntryPoint\",\"urlTemplate\":\"https:\/\/cena.pt\/en\/?s={search_term_string}\"},\"query-input\":{\"@type\":\"PropertyValueSpecification\",\"valueRequired\":true,\"valueName\":\"search_term_string\"}}],\"inLanguage\":\"en-US\"},{\"@type\":\"Organization\",\"@id\":\"https:\/\/cena.pt\/en\/#organization\",\"name\":\"CENA - Tradu\u00e7\u00e3o e Interpreta\u00e7\u00e3o\",\"url\":\"https:\/\/cena.pt\/en\/\",\"logo\":{\"@type\":\"ImageObject\",\"inLanguage\":\"en-US\",\"@id\":\"https:\/\/cena.pt\/en\/#\/schema\/logo\/image\/\",\"url\":\"https:\/\/cena.pt\/wp-content\/uploads\/2021\/01\/logo-white-description-1.png\",\"contentUrl\":\"https:\/\/cena.pt\/wp-content\/uploads\/2021\/01\/logo-white-description-1.png\",\"width\":580,\"height\":319,\"caption\":\"CENA - Tradu\u00e7\u00e3o e Interpreta\u00e7\u00e3o\"},\"image\":{\"@id\":\"https:\/\/cena.pt\/en\/#\/schema\/logo\/image\/\"},\"sameAs\":[\"https:\/\/www.instagram.com\/cena.translationinterpretation\/\",\"https:\/\/www.linkedin.com\/company\/cena-tradu\u00e7\u00f5es-e-interpreta\u00e7\u00f5es\/\"]}]}<\/script>\n<!-- \/ Yoast SEO plugin. -->","yoast_head_json":{"title":"Translation - CENA - Translation &amp; Interpreting Professionals","description":"The language changes. The reading of the Cena\/thing should stay the same. We offer a complete translation service, in any language. Creative Translation","robots":{"index":"index","follow":"follow","max-snippet":"max-snippet:-1","max-image-preview":"max-image-preview:large","max-video-preview":"max-video-preview:-1"},"canonical":"https:\/\/cena.pt\/en\/translation\/","og_locale":"en_US","og_type":"article","og_title":"Translation - CENA - Translation &amp; Interpreting Professionals","og_description":"The language changes. The reading of the Cena\/thing should stay the same. We offer a complete translation service, in any language. Creative Translation","og_url":"https:\/\/cena.pt\/en\/translation\/","og_site_name":"CENA - Translation &amp; Interpreting Professionals","article_modified_time":"2021-02-08T21:58:31+00:00","twitter_card":"summary_large_image","twitter_misc":{"Est. reading time":"8 minutes"},"schema":{"@context":"https:\/\/schema.org","@graph":[{"@type":"WebPage","@id":"https:\/\/cena.pt\/en\/translation\/","url":"https:\/\/cena.pt\/en\/translation\/","name":"Translation - CENA - Translation &amp; Interpreting Professionals","isPartOf":{"@id":"https:\/\/cena.pt\/en\/#website"},"datePublished":"2021-02-08T21:58:30+00:00","dateModified":"2021-02-08T21:58:31+00:00","description":"The language changes. The reading of the Cena\/thing should stay the same. We offer a complete translation service, in any language. Creative Translation","breadcrumb":{"@id":"https:\/\/cena.pt\/en\/translation\/#breadcrumb"},"inLanguage":"en-US","potentialAction":[{"@type":"ReadAction","target":["https:\/\/cena.pt\/en\/translation\/"]}]},{"@type":"BreadcrumbList","@id":"https:\/\/cena.pt\/en\/translation\/#breadcrumb","itemListElement":[{"@type":"ListItem","position":1,"name":"In\u00edcio","item":"https:\/\/cena.pt\/en\/"},{"@type":"ListItem","position":2,"name":"Translation"}]},{"@type":"WebSite","@id":"https:\/\/cena.pt\/en\/#website","url":"https:\/\/cena.pt\/en\/","name":"CENA - Translation &amp; Interpreting Professionals","description":"Sem ser conversa, Somos voz e di\u00e1logo.","publisher":{"@id":"https:\/\/cena.pt\/en\/#organization"},"potentialAction":[{"@type":"SearchAction","target":{"@type":"EntryPoint","urlTemplate":"https:\/\/cena.pt\/en\/?s={search_term_string}"},"query-input":{"@type":"PropertyValueSpecification","valueRequired":true,"valueName":"search_term_string"}}],"inLanguage":"en-US"},{"@type":"Organization","@id":"https:\/\/cena.pt\/en\/#organization","name":"CENA - Tradu\u00e7\u00e3o e Interpreta\u00e7\u00e3o","url":"https:\/\/cena.pt\/en\/","logo":{"@type":"ImageObject","inLanguage":"en-US","@id":"https:\/\/cena.pt\/en\/#\/schema\/logo\/image\/","url":"https:\/\/cena.pt\/wp-content\/uploads\/2021\/01\/logo-white-description-1.png","contentUrl":"https:\/\/cena.pt\/wp-content\/uploads\/2021\/01\/logo-white-description-1.png","width":580,"height":319,"caption":"CENA - Tradu\u00e7\u00e3o e Interpreta\u00e7\u00e3o"},"image":{"@id":"https:\/\/cena.pt\/en\/#\/schema\/logo\/image\/"},"sameAs":["https:\/\/www.instagram.com\/cena.translationinterpretation\/","https:\/\/www.linkedin.com\/company\/cena-tradu\u00e7\u00f5es-e-interpreta\u00e7\u00f5es\/"]}]}},"_links":{"self":[{"href":"https:\/\/cena.pt\/en\/wp-json\/wp\/v2\/pages\/7968","targetHints":{"allow":["GET"]}}],"collection":[{"href":"https:\/\/cena.pt\/en\/wp-json\/wp\/v2\/pages"}],"about":[{"href":"https:\/\/cena.pt\/en\/wp-json\/wp\/v2\/types\/page"}],"author":[{"embeddable":true,"href":"https:\/\/cena.pt\/en\/wp-json\/wp\/v2\/users\/1"}],"replies":[{"embeddable":true,"href":"https:\/\/cena.pt\/en\/wp-json\/wp\/v2\/comments?post=7968"}],"version-history":[{"count":7,"href":"https:\/\/cena.pt\/en\/wp-json\/wp\/v2\/pages\/7968\/revisions"}],"predecessor-version":[{"id":7977,"href":"https:\/\/cena.pt\/en\/wp-json\/wp\/v2\/pages\/7968\/revisions\/7977"}],"wp:attachment":[{"href":"https:\/\/cena.pt\/en\/wp-json\/wp\/v2\/media?parent=7968"}],"curies":[{"name":"wp","href":"https:\/\/api.w.org\/{rel}","templated":true}]}}